{"id":3955,"date":"2023-11-16T14:35:10","date_gmt":"2023-11-16T20:35:10","guid":{"rendered":"https:\/\/www.topbikes.ca\/nicaragua\/?post_type=product&#038;p=3955"},"modified":"2023-11-16T14:35:45","modified_gmt":"2023-11-16T20:35:45","slug":"set-de-sellador-bic-26valvulas-40mmcinta-35mm","status":"publish","type":"product","link":"https:\/\/www.topbikes.ca\/nicaragua\/producto\/set-de-sellador-bic-26valvulas-40mmcinta-35mm\/","title":{"rendered":"SET DE SELLADOR BIC-26+VALVULAS 40MM+CINTA 35MM"},"content":{"rendered":"<h2 class=\"product-number\">BIC-26<\/h2>\n<h3 class=\"product-title\">JUEGO DE SELLADORES SIN TUBO<\/h3>\n<p><i class=\"fa fa-tint\"><\/i>\u00a0BIC-260+Tubo de llenado*1+V\u00e1lvula*2+Cintas*1+ Herramienta de extracci\u00f3n de v\u00e1lvulas.<\/p>\n<p><i class=\"fa fa-tint\"><\/i>\u00a0Tama\u00f1o de la v\u00e1lvula: 34mm, 45mm, 55mm, 65mm<\/p>\n<p><i class=\"fa fa-tint\"><\/i>\u00a0Tama\u00f1o de la cinta: 25mm, 30mm, 35mm<\/p>\n","protected":false},"excerpt":{"rendered":"<p>BIC-26 JUEGO DE SELLADORES SIN TUBO \u00a0BIC-260+Tubo de llenado*1+V\u00e1lvula*2+Cintas*1+ Herramienta de extracci\u00f3n de v\u00e1lvulas. \u00a0Tama\u00f1o de la v\u00e1lvula: 34mm, 45mm, 55mm, 65mm \u00a0Tama\u00f1o de la cinta: 25mm, 30mm, 35mm<\/p>\n","protected":false},"featured_media":3987,"template":"","meta":[],"pwb-brand":[83,55],"product_cat":[214,224,211],"product_tag":[],"brands":[{"id":83,"name":"Accesorios","slug":"accesorios"},{"id":55,"name":"Chepark","slug":"chepark"}],"_links":{"self":[{"href":"https:\/\/www.topbikes.ca\/nicaragua\/wp-json\/wp\/v2\/product\/3955"}],"collection":[{"href":"https:\/\/www.topbikes.ca\/nicaragua\/wp-json\/wp\/v2\/product"}],"about":[{"href":"https:\/\/www.topbikes.ca\/nicaragua\/wp-json\/wp\/v2\/types\/product"}],"wp:featuredmedia":[{"embeddable":true,"href":"https:\/\/www.topbikes.ca\/nicaragua\/wp-json\/wp\/v2\/media\/3987"}],"wp:attachment":[{"href":"https:\/\/www.topbikes.ca\/nicaragua\/wp-json\/wp\/v2\/media?parent=3955"}],"wp:term":[{"taxonomy":"pwb-brand","embeddable":true,"href":"https:\/\/www.topbikes.ca\/nicaragua\/wp-json\/wp\/v2\/pwb-brand?post=3955"},{"taxonomy":"product_cat","embeddable":true,"href":"https:\/\/www.topbikes.ca\/nicaragua\/wp-json\/wp\/v2\/product_cat?post=3955"},{"taxonomy":"product_tag","embeddable":true,"href":"https:\/\/www.topbikes.ca\/nicaragua\/wp-json\/wp\/v2\/product_tag?post=3955"}],"curies":[{"name":"wp","href":"https:\/\/api.w.org\/{rel}","templated":true}]}}