{"id":3969,"date":"2023-11-16T14:35:31","date_gmt":"2023-11-16T20:35:31","guid":{"rendered":"https:\/\/www.topbikes.ca\/nicaragua\/?post_type=product&#038;p=3969"},"modified":"2023-11-16T14:35:47","modified_gmt":"2023-11-16T20:35:47","slug":"aceite-de-nucleo-de-pinon-chepark-bic-120h-120ml","status":"publish","type":"product","link":"https:\/\/www.topbikes.ca\/nicaragua\/producto\/aceite-de-nucleo-de-pinon-chepark-bic-120h-120ml\/","title":{"rendered":"ACEITE DE NUCLEO DE PI\u00d1ON CHEPARK BIC-120H 120ML"},"content":{"rendered":"<h2 class=\"product-number\">BIC-120H\u00a0<a class=\"btn btn-tiffany\">120ml<\/a><\/h2>\n<h3 class=\"product-title\">Grasa para ejes y rodamientos<\/h3>\n<h4><i class=\"fa fa-tint\"><\/i><b>Funci\u00f3n<\/b><\/h4>\n<ol>\n<li>BIC-120H puede aplicarse a varias ruedas dentadas y mantener una buena lubricidad, drenaje.<\/li>\n<li>La caracter\u00edstica del producto permite que la rueda dentada est\u00e9 mejor protegida en cualquier clima.<\/li>\n<\/ol>\n<h4><i class=\"fa fa-tint\"><\/i><b>Instrucciones de uso<\/b><\/h4>\n<p>Aplicar BIC-120E a las superficies tratadas.<\/p>\n<h4><i class=\"fa fa-tint\"><\/i><b>Aviso<\/b><\/h4>\n<p>No utilizar en los frenos de disco ni en el punto de contacto entre las pastillas de freno y las llantas. Mantener fuera del alcance de los ni\u00f1os para evitar peligros.<\/p>\n<h4><i class=\"fa fa-tint\"><\/i><b>Ingredient<\/b><\/h4>\n<p>Aceite blanco, silicato inorg\u00e1nico, aditivo lubricante<\/p>\n","protected":false},"excerpt":{"rendered":"<p>BIC-120H\u00a0120ml Grasa para ejes y rodamientos Funci\u00f3n BIC-120H puede aplicarse a varias ruedas dentadas y mantener una buena lubricidad, drenaje. La caracter\u00edstica del producto permite que la rueda dentada est\u00e9 mejor protegida en cualquier clima. Instrucciones de uso Aplicar BIC-120E a las superficies tratadas. Aviso No utilizar en los frenos de disco ni en el [&hellip;]<\/p>\n","protected":false},"featured_media":3989,"template":"","meta":[],"pwb-brand":[83,55],"product_cat":[35,224],"product_tag":[],"brands":[{"id":83,"name":"Accesorios","slug":"accesorios"},{"id":55,"name":"Chepark","slug":"chepark"}],"_links":{"self":[{"href":"https:\/\/www.topbikes.ca\/nicaragua\/wp-json\/wp\/v2\/product\/3969"}],"collection":[{"href":"https:\/\/www.topbikes.ca\/nicaragua\/wp-json\/wp\/v2\/product"}],"about":[{"href":"https:\/\/www.topbikes.ca\/nicaragua\/wp-json\/wp\/v2\/types\/product"}],"wp:featuredmedia":[{"embeddable":true,"href":"https:\/\/www.topbikes.ca\/nicaragua\/wp-json\/wp\/v2\/media\/3989"}],"wp:attachment":[{"href":"https:\/\/www.topbikes.ca\/nicaragua\/wp-json\/wp\/v2\/media?parent=3969"}],"wp:term":[{"taxonomy":"pwb-brand","embeddable":true,"href":"https:\/\/www.topbikes.ca\/nicaragua\/wp-json\/wp\/v2\/pwb-brand?post=3969"},{"taxonomy":"product_cat","embeddable":true,"href":"https:\/\/www.topbikes.ca\/nicaragua\/wp-json\/wp\/v2\/product_cat?post=3969"},{"taxonomy":"product_tag","embeddable":true,"href":"https:\/\/www.topbikes.ca\/nicaragua\/wp-json\/wp\/v2\/product_tag?post=3969"}],"curies":[{"name":"wp","href":"https:\/\/api.w.org\/{rel}","templated":true}]}}