{"id":3970,"date":"2023-11-16T14:35:31","date_gmt":"2023-11-16T20:35:31","guid":{"rendered":"https:\/\/www.topbikes.ca\/nicaragua\/?post_type=product&#038;p=3970"},"modified":"2023-11-16T14:35:48","modified_gmt":"2023-11-16T20:35:48","slug":"limpiador-para-cadena-de-e-bike-bic-180","status":"publish","type":"product","link":"https:\/\/www.topbikes.ca\/nicaragua\/producto\/limpiador-para-cadena-de-e-bike-bic-180\/","title":{"rendered":"LIMPIADOR PARA CADENA DE E-BIKE BIC-180"},"content":{"rendered":"<h2 class=\"product-number\">BIC-180\u00a0<a class=\"btn btn-tiffany\">425ml<\/a><\/h2>\n<h3 class=\"product-title\">LIMPIADOR DE CADENAS DE BICICLETAS<\/h3>\n<h4><i class=\"fa fa-tint\"><\/i><b>Funciones<\/b><\/h4>\n<p>El BIC-180 puede eliminar r\u00e1pidamente el aceite, la grasa y la suciedad acumulada en la cadena o en las piezas el\u00e9ctricas. El BIC-180 puede eliminar todos los contaminantes para prevenir la oxidaci\u00f3n y la corrosi\u00f3n.<\/p>\n<h4><i class=\"fa fa-tint\"><\/i><b>Direcci\u00f3n de uso<\/b><\/h4>\n<p>Por favor, apague el motor antes de usar el BIC-180. Agitar la lata y aplique en el \u00e1rea seleccionada. Utilice un pa\u00f1o de microfibra limpio para pulir todas las \u00e1reas.<\/p>\n<h4><i class=\"fa fa-tint\"><\/i><b>Aviso<\/b><\/h4>\n<p>Por favor, no roc\u00ede el BIC-180 en las partes calientes o en los motores en pleno funcionamiento.<\/p>\n<h4><i class=\"fa fa-tint\"><\/i><b>Ingredientes<\/b><\/h4>\n<p>HC. IPA.LPG<\/p>\n","protected":false},"excerpt":{"rendered":"<p>BIC-180\u00a0425ml LIMPIADOR DE CADENAS DE BICICLETAS Funciones El BIC-180 puede eliminar r\u00e1pidamente el aceite, la grasa y la suciedad acumulada en la cadena o en las piezas el\u00e9ctricas. El BIC-180 puede eliminar todos los contaminantes para prevenir la oxidaci\u00f3n y la corrosi\u00f3n. Direcci\u00f3n de uso Por favor, apague el motor antes de usar el BIC-180. [&hellip;]<\/p>\n","protected":false},"featured_media":3991,"template":"","meta":[],"pwb-brand":[83,55],"product_cat":[35,224],"product_tag":[],"brands":[{"id":83,"name":"Accesorios","slug":"accesorios"},{"id":55,"name":"Chepark","slug":"chepark"}],"_links":{"self":[{"href":"https:\/\/www.topbikes.ca\/nicaragua\/wp-json\/wp\/v2\/product\/3970"}],"collection":[{"href":"https:\/\/www.topbikes.ca\/nicaragua\/wp-json\/wp\/v2\/product"}],"about":[{"href":"https:\/\/www.topbikes.ca\/nicaragua\/wp-json\/wp\/v2\/types\/product"}],"wp:featuredmedia":[{"embeddable":true,"href":"https:\/\/www.topbikes.ca\/nicaragua\/wp-json\/wp\/v2\/media\/3991"}],"wp:attachment":[{"href":"https:\/\/www.topbikes.ca\/nicaragua\/wp-json\/wp\/v2\/media?parent=3970"}],"wp:term":[{"taxonomy":"pwb-brand","embeddable":true,"href":"https:\/\/www.topbikes.ca\/nicaragua\/wp-json\/wp\/v2\/pwb-brand?post=3970"},{"taxonomy":"product_cat","embeddable":true,"href":"https:\/\/www.topbikes.ca\/nicaragua\/wp-json\/wp\/v2\/product_cat?post=3970"},{"taxonomy":"product_tag","embeddable":true,"href":"https:\/\/www.topbikes.ca\/nicaragua\/wp-json\/wp\/v2\/product_tag?post=3970"}],"curies":[{"name":"wp","href":"https:\/\/api.w.org\/{rel}","templated":true}]}}