{"id":3971,"date":"2023-11-16T14:35:31","date_gmt":"2023-11-16T20:35:31","guid":{"rendered":"https:\/\/www.topbikes.ca\/nicaragua\/?post_type=product&#038;p=3971"},"modified":"2023-11-16T14:35:49","modified_gmt":"2023-11-16T20:35:49","slug":"lubricante-de-cadena-e-bike-chepark-bic-190-120ml","status":"publish","type":"product","link":"https:\/\/www.topbikes.ca\/nicaragua\/producto\/lubricante-de-cadena-e-bike-chepark-bic-190-120ml\/","title":{"rendered":"LUBRICANTE DE CADENA E-BIKE CHEPARK BIC-190 120ML"},"content":{"rendered":"<h2 class=\"product-number\">BIC-190P\u00a0<a class=\"btn btn-tiffany\">120ml<\/a><\/h2>\n<h3 class=\"product-title\">LUBRICANTE DE LA CADENA DE LA BICICLETA ELECTR\u00d3NICA<\/h3>\n<h4><i class=\"fa fa-tint\"><\/i><b>Funciones<\/b><\/h4>\n<p>El BIC-190 crea un recubrimiento espec\u00edfico para una incre\u00edble durabilidad y rendimiento en recorridos de larga distancia. El BIC-190 est\u00e1 dise\u00f1ado espec\u00edficamente para las cargas de alto torque aplicadas a una cadena de E-Bike.<\/p>\n<h4><i class=\"fa fa-tint\"><\/i><b>Direcci\u00f3n de uso<\/b><\/h4>\n<p>Por favor, apague el motor de la bicicleta antes de usar el BIC-190. Agite la botella\/lata vigorosamente y aplique el lubricante asegur\u00e1ndose de que cada parte de la cadena sea tratada.<\/p>\n<h4><i class=\"fa fa-tint\"><\/i><b>Aviso<\/b><\/h4>\n<p>Por favor, no roc\u00ede el BIC-190 en las partes calientes o en los motores en pleno funcionamiento.<\/p>\n<h4><i class=\"fa fa-tint\"><\/i><b>Ingredientes<\/b><\/h4>\n<p>Silicona, surfactante, GLP<\/p>\n","protected":false},"excerpt":{"rendered":"<p>BIC-190P\u00a0120ml LUBRICANTE DE LA CADENA DE LA BICICLETA ELECTR\u00d3NICA Funciones El BIC-190 crea un recubrimiento espec\u00edfico para una incre\u00edble durabilidad y rendimiento en recorridos de larga distancia. El BIC-190 est\u00e1 dise\u00f1ado espec\u00edficamente para las cargas de alto torque aplicadas a una cadena de E-Bike. Direcci\u00f3n de uso Por favor, apague el motor de la bicicleta [&hellip;]<\/p>\n","protected":false},"featured_media":3992,"template":"","meta":[],"pwb-brand":[83,55],"product_cat":[35,224],"product_tag":[],"brands":[{"id":83,"name":"Accesorios","slug":"accesorios"},{"id":55,"name":"Chepark","slug":"chepark"}],"_links":{"self":[{"href":"https:\/\/www.topbikes.ca\/nicaragua\/wp-json\/wp\/v2\/product\/3971"}],"collection":[{"href":"https:\/\/www.topbikes.ca\/nicaragua\/wp-json\/wp\/v2\/product"}],"about":[{"href":"https:\/\/www.topbikes.ca\/nicaragua\/wp-json\/wp\/v2\/types\/product"}],"wp:featuredmedia":[{"embeddable":true,"href":"https:\/\/www.topbikes.ca\/nicaragua\/wp-json\/wp\/v2\/media\/3992"}],"wp:attachment":[{"href":"https:\/\/www.topbikes.ca\/nicaragua\/wp-json\/wp\/v2\/media?parent=3971"}],"wp:term":[{"taxonomy":"pwb-brand","embeddable":true,"href":"https:\/\/www.topbikes.ca\/nicaragua\/wp-json\/wp\/v2\/pwb-brand?post=3971"},{"taxonomy":"product_cat","embeddable":true,"href":"https:\/\/www.topbikes.ca\/nicaragua\/wp-json\/wp\/v2\/product_cat?post=3971"},{"taxonomy":"product_tag","embeddable":true,"href":"https:\/\/www.topbikes.ca\/nicaragua\/wp-json\/wp\/v2\/product_tag?post=3971"}],"curies":[{"name":"wp","href":"https:\/\/api.w.org\/{rel}","templated":true}]}}