{"id":3972,"date":"2023-11-16T14:35:32","date_gmt":"2023-11-16T20:35:32","guid":{"rendered":"https:\/\/www.topbikes.ca\/nicaragua\/?post_type=product&#038;p=3972"},"modified":"2023-11-16T14:35:52","modified_gmt":"2023-11-16T20:35:52","slug":"sellador-de-llantas-chepark-bic-260-120ml","status":"publish","type":"product","link":"https:\/\/www.topbikes.ca\/nicaragua\/producto\/sellador-de-llantas-chepark-bic-260-120ml\/","title":{"rendered":"SELLADOR DE LLANTAS CHEPARK BIC-260 120ML"},"content":{"rendered":"<h2 class=\"product-number\">BIC-260\u00a0<a class=\"btn btn-tiffany\">120ml<\/a><br \/>\nSellador TUBELESS<\/h2>\n<h4><i class=\"fa fa-tint\"><\/i><b>Funci\u00f3n<\/b><\/h4>\n<p>Las pinchadas evitan desempe\u00f1os apropiados especialmente durante competencias. Las mol\u00e9culas del sellador l\u00edquido llenan agujeros o desgarros, mientras que el l\u00e1tex sella instant\u00e1neamente. BIC-260 contiene un sistema de detecci\u00f3n \u00fanico que resalta cualquier pinchazo que no son percibidos mientras se va en bicicleta. Sella neum\u00e1ticos porosos y los agujeros de hasta 6 mm. No contiene amon\u00edaco, no es corrosivo y se remueve f\u00e1cilmente con agua.<\/p>\n<h4><i class=\"fa fa-tint\"><\/i><b>Direcci\u00f3n de uso<\/b><\/h4>\n<ol>\n<li>Agite BIC-260 vigorosamente antes de su uso e inserte el tubo de llenado.<\/li>\n<li>Retire el n\u00facleo de la v\u00e1lvula con la herramienta. Apriete la cantidad deseada, vuelva a insertar el n\u00facleo de la v\u00e1lvula e infle el neum\u00e1tico de acuerdo con las recomendaciones del fabricante.<\/li>\n<li>Haga girar la rueda repetidamente, ag\u00edtela de lado a lado, llene de aire o CO2 y compruebe si hay alguna fuga.<\/li>\n<li>Compruebe regularmente (2-3 meses) la cantidad en cada neum\u00e1tico y simplemente rellene seg\u00fan sea necesario.<\/li>\n<\/ol>\n<h4><i class=\"fa fa-tint\"><\/i><b>Ingredientes<\/b><\/h4>\n<p>L\u00e1tex de butilo, 2-butoxietanol, SBR<\/p>\n","protected":false},"excerpt":{"rendered":"<p>BIC-260\u00a0120ml Sellador TUBELESS Funci\u00f3n Las pinchadas evitan desempe\u00f1os apropiados especialmente durante competencias. Las mol\u00e9culas del sellador l\u00edquido llenan agujeros o desgarros, mientras que el l\u00e1tex sella instant\u00e1neamente. BIC-260 contiene un sistema de detecci\u00f3n \u00fanico que resalta cualquier pinchazo que no son percibidos mientras se va en bicicleta. Sella neum\u00e1ticos porosos y los agujeros de hasta [&hellip;]<\/p>\n","protected":false},"featured_media":3994,"template":"","meta":[],"pwb-brand":[83,55],"product_cat":[35,224,211],"product_tag":[],"brands":[{"id":83,"name":"Accesorios","slug":"accesorios"},{"id":55,"name":"Chepark","slug":"chepark"}],"_links":{"self":[{"href":"https:\/\/www.topbikes.ca\/nicaragua\/wp-json\/wp\/v2\/product\/3972"}],"collection":[{"href":"https:\/\/www.topbikes.ca\/nicaragua\/wp-json\/wp\/v2\/product"}],"about":[{"href":"https:\/\/www.topbikes.ca\/nicaragua\/wp-json\/wp\/v2\/types\/product"}],"wp:featuredmedia":[{"embeddable":true,"href":"https:\/\/www.topbikes.ca\/nicaragua\/wp-json\/wp\/v2\/media\/3994"}],"wp:attachment":[{"href":"https:\/\/www.topbikes.ca\/nicaragua\/wp-json\/wp\/v2\/media?parent=3972"}],"wp:term":[{"taxonomy":"pwb-brand","embeddable":true,"href":"https:\/\/www.topbikes.ca\/nicaragua\/wp-json\/wp\/v2\/pwb-brand?post=3972"},{"taxonomy":"product_cat","embeddable":true,"href":"https:\/\/www.topbikes.ca\/nicaragua\/wp-json\/wp\/v2\/product_cat?post=3972"},{"taxonomy":"product_tag","embeddable":true,"href":"https:\/\/www.topbikes.ca\/nicaragua\/wp-json\/wp\/v2\/product_tag?post=3972"}],"curies":[{"name":"wp","href":"https:\/\/api.w.org\/{rel}","templated":true}]}}