{"id":3977,"date":"2023-11-16T14:35:32","date_gmt":"2023-11-16T20:35:32","guid":{"rendered":"https:\/\/www.topbikes.ca\/nicaragua\/?post_type=product&#038;p=3977"},"modified":"2023-11-16T14:36:06","modified_gmt":"2023-11-16T20:36:06","slug":"limpiador-de-freno-de-disco-chepark-bic-600-425ml","status":"publish","type":"product","link":"https:\/\/www.topbikes.ca\/nicaragua\/producto\/limpiador-de-freno-de-disco-chepark-bic-600-425ml\/","title":{"rendered":"LIMPIADOR DE FRENO DE DISCO CHEPARK BIC-600 425ML"},"content":{"rendered":"<h2 class=\"product-number\">BIC-600\u00a0<a class=\"btn btn-tiffany\">425ml<\/a><\/h2>\n<h3 class=\"product-title\">LIMPIADOR DE FRENOS DE DISCO<\/h3>\n<h4><i class=\"fa fa-tint\"><\/i><b>Funciones<\/b><\/h4>\n<p>El limpiador de frenos de disco BIC-600 puede limpiar eficazmente los residuos de grasa y suciedad de los frenos de disco.<br \/>\nEl limpiador de frenos de disco BIC-600 est\u00e1 dise\u00f1ado exclusivamente para su uso en frenos de disco y sistemas de frenos, y puede mantener el uso a largo plazo de las partes de los frenos.<br \/>\nEl limpiador para frenos de disco BIC-600 s\u00f3lo contiene sustancias amigables con el medio ambiente; no contiene CFC y no contaminar\u00e1 el medio ambiente.<br \/>\nEl limpiador de frenos de disco BIC-600 es seguro, confiable y no da\u00f1ar\u00e1 la goma o el pl\u00e1stico.<br \/>\nEl limpiador para frenos de disco BIC-600 se evapora r\u00e1pidamente, no deja ning\u00fan residuo y no da\u00f1a el aluminio o la fibra de carbono.<\/p>\n<h4><i class=\"fa fa-tint\"><\/i><b>Uso<\/b><\/h4>\n<p>Pulverice el limpiador de frenos de disco BIC-600 directamente sobre los discos de freno desde una distancia aproximada de 10 a 15 cm para que la grasa y la suciedad del disco goteen.<\/p>\n<h4><i class=\"fa fa-tint\"><\/i><b>Ingredientes<\/b><\/h4>\n<p>Disolvente org\u00e1nico, GLP<\/p>\n","protected":false},"excerpt":{"rendered":"<p>BIC-600\u00a0425ml LIMPIADOR DE FRENOS DE DISCO Funciones El limpiador de frenos de disco BIC-600 puede limpiar eficazmente los residuos de grasa y suciedad de los frenos de disco. El limpiador de frenos de disco BIC-600 est\u00e1 dise\u00f1ado exclusivamente para su uso en frenos de disco y sistemas de frenos, y puede mantener el uso a [&hellip;]<\/p>\n","protected":false},"featured_media":4022,"template":"","meta":[],"pwb-brand":[83,55],"product_cat":[35,224],"product_tag":[],"brands":[{"id":83,"name":"Accesorios","slug":"accesorios"},{"id":55,"name":"Chepark","slug":"chepark"}],"_links":{"self":[{"href":"https:\/\/www.topbikes.ca\/nicaragua\/wp-json\/wp\/v2\/product\/3977"}],"collection":[{"href":"https:\/\/www.topbikes.ca\/nicaragua\/wp-json\/wp\/v2\/product"}],"about":[{"href":"https:\/\/www.topbikes.ca\/nicaragua\/wp-json\/wp\/v2\/types\/product"}],"wp:featuredmedia":[{"embeddable":true,"href":"https:\/\/www.topbikes.ca\/nicaragua\/wp-json\/wp\/v2\/media\/4022"}],"wp:attachment":[{"href":"https:\/\/www.topbikes.ca\/nicaragua\/wp-json\/wp\/v2\/media?parent=3977"}],"wp:term":[{"taxonomy":"pwb-brand","embeddable":true,"href":"https:\/\/www.topbikes.ca\/nicaragua\/wp-json\/wp\/v2\/pwb-brand?post=3977"},{"taxonomy":"product_cat","embeddable":true,"href":"https:\/\/www.topbikes.ca\/nicaragua\/wp-json\/wp\/v2\/product_cat?post=3977"},{"taxonomy":"product_tag","embeddable":true,"href":"https:\/\/www.topbikes.ca\/nicaragua\/wp-json\/wp\/v2\/product_tag?post=3977"}],"curies":[{"name":"wp","href":"https:\/\/api.w.org\/{rel}","templated":true}]}}