{"id":4000,"date":"2023-11-16T14:35:55","date_gmt":"2023-11-16T20:35:55","guid":{"rendered":"https:\/\/www.topbikes.ca\/nicaragua\/?post_type=product&#038;p=4000"},"modified":"2023-11-16T14:36:13","modified_gmt":"2023-11-16T20:36:13","slug":"cinta-para-tubeless-30mm-mod-til-80b","status":"publish","type":"product","link":"https:\/\/www.topbikes.ca\/nicaragua\/producto\/cinta-para-tubeless-30mm-mod-til-80b\/","title":{"rendered":"CINTA PARA TUBELESS 30MM MOD.TIL-80B"},"content":{"rendered":"<h2 class=\"product-number\">TIL-80 A \/ B \/ C \/ D<\/h2>\n<h3 class=\"product-title\">TUBELESS TAPE<\/h3>\n<p>TIL-80B \u2192 30mm<\/p>\n<h4><i class=\"fa fa-tint\"><\/i><b>Funci\u00f3n<\/b><\/h4>\n<p>TIL-80 est\u00e1 hecho de material TPU (Poliuretano termopl\u00e1stico) de tres capas, que tiene excelente hermeticidad y flexibilidad. Su uso permite la adhesi\u00f3n m\u00e1s apega al aro, mejorando la estanqueidad con el neum\u00e1tico evitando que se escape el aire. TIL-80 utiliza un adhesivo de alta viscosidad, sensible a la presi\u00f3n. Cuanto m\u00e1s fuerte es la presi\u00f3n, la viscosidad tambi\u00e9n se va fortaleciendo. TIL-80 se puede utilizar en los neum\u00e1ticos tubeless y\/o tubeless ready, y est\u00e1 dise\u00f1ado para estirarse y adaptarse perfectamente al contorno del aro.<\/p>\n<h4><i class=\"fa fa-tint\"><\/i><b>Instrucciones<\/b><\/h4>\n<p>Antes de usar TIL-80, limpie la capa interna del aro para deshacerse de cualquier residuo y\/o polvos. Ubique a 3CM frente al orificio de la v\u00e1lvula y comience a aplicar y presione hacia abajo en el lado opuesto al orificio de la v\u00e1lvula con el pulgar presionando la cinta para asegurarse de que tenga una uni\u00f3n firme con el aro. TIL-80 tiene elasticidad. Apriete la cinta y aseg\u00farese de que est\u00e9 bien pegado al aro. Enrolle nuevamente el orificio de la valvula 3CM mas y corte la cinta. Apriete nuevamente la cinta hacia abajo, asegur\u00e1ndose de que este unido firmemente.<\/p>\n","protected":false},"excerpt":{"rendered":"<p>TIL-80 A \/ B \/ C \/ D TUBELESS TAPE TIL-80B \u2192 30mm Funci\u00f3n TIL-80 est\u00e1 hecho de material TPU (Poliuretano termopl\u00e1stico) de tres capas, que tiene excelente hermeticidad y flexibilidad. Su uso permite la adhesi\u00f3n m\u00e1s apega al aro, mejorando la estanqueidad con el neum\u00e1tico evitando que se escape el aire. TIL-80 utiliza un [&hellip;]<\/p>\n","protected":false},"featured_media":4029,"template":"","meta":[],"pwb-brand":[83,55],"product_cat":[35],"product_tag":[],"brands":[{"id":83,"name":"Accesorios","slug":"accesorios"},{"id":55,"name":"Chepark","slug":"chepark"}],"_links":{"self":[{"href":"https:\/\/www.topbikes.ca\/nicaragua\/wp-json\/wp\/v2\/product\/4000"}],"collection":[{"href":"https:\/\/www.topbikes.ca\/nicaragua\/wp-json\/wp\/v2\/product"}],"about":[{"href":"https:\/\/www.topbikes.ca\/nicaragua\/wp-json\/wp\/v2\/types\/product"}],"wp:featuredmedia":[{"embeddable":true,"href":"https:\/\/www.topbikes.ca\/nicaragua\/wp-json\/wp\/v2\/media\/4029"}],"wp:attachment":[{"href":"https:\/\/www.topbikes.ca\/nicaragua\/wp-json\/wp\/v2\/media?parent=4000"}],"wp:term":[{"taxonomy":"pwb-brand","embeddable":true,"href":"https:\/\/www.topbikes.ca\/nicaragua\/wp-json\/wp\/v2\/pwb-brand?post=4000"},{"taxonomy":"product_cat","embeddable":true,"href":"https:\/\/www.topbikes.ca\/nicaragua\/wp-json\/wp\/v2\/product_cat?post=4000"},{"taxonomy":"product_tag","embeddable":true,"href":"https:\/\/www.topbikes.ca\/nicaragua\/wp-json\/wp\/v2\/product_tag?post=4000"}],"curies":[{"name":"wp","href":"https:\/\/api.w.org\/{rel}","templated":true}]}}