{"id":4014,"date":"2023-11-16T14:35:58","date_gmt":"2023-11-16T20:35:58","guid":{"rendered":"https:\/\/www.topbikes.ca\/nicaragua\/?post_type=product&#038;p=4014"},"modified":"2023-11-16T14:36:46","modified_gmt":"2023-11-16T20:36:46","slug":"soporte-para-bici-26-29-ib-st3-gancho-para-sujetarla-a-la-pared","status":"publish","type":"product","link":"https:\/\/www.topbikes.ca\/nicaragua\/producto\/soporte-para-bici-26-29-ib-st3-gancho-para-sujetarla-a-la-pared\/","title":{"rendered":"SOPORTE PARA BICI 26-\u00ab29\u00bb IB-ST3  (GANCHO PARA SUJETARLA A LA PARED)"},"content":{"rendered":"<p><strong>Para montar una bicicleta verticalmente en la pared.<\/strong><\/p>\n<ul>\n<li>Dise\u00f1o que ahorra espacio<\/li>\n<li>Construcci\u00f3n robusta y duradera<\/li>\n<li>Gancho de llanta que no raya<\/li>\n<\/ul>\n<p><strong>Caracter\u00edsticas<\/strong>\u00a0Se suministra con protector de pared adhesivo.<\/p>\n<p><strong>Compatibilidad<\/strong>\u00a0Tama\u00f1o de rueda: 20&#8243;\u201329&#8243;.\u00a0Tama\u00f1o del neum\u00e1tico &#8211; Altura (llanta+neum\u00e1tico): 8 cm (3,15\u201d);\u00a0Ancho: 5,4 cm (2,1&#8243;).<\/p>\n<p>[M\u00e1x.\u00a0Carga 18 kg \/ 39,5 libras].<\/p>\n<p><strong>Material<\/strong>\u00a0Acero, gancho de borde revestido de PVC.<\/p>\n","protected":false},"excerpt":{"rendered":"<p>Para montar una bicicleta verticalmente en la pared. Dise\u00f1o que ahorra espacio Construcci\u00f3n robusta y duradera Gancho de llanta que no raya Caracter\u00edsticas\u00a0Se suministra con protector de pared adhesivo. Compatibilidad\u00a0Tama\u00f1o de rueda: 20&#8243;\u201329&#8243;.\u00a0Tama\u00f1o del neum\u00e1tico &#8211; Altura (llanta+neum\u00e1tico): 8 cm (3,15\u201d);\u00a0Ancho: 5,4 cm (2,1&#8243;). [M\u00e1x.\u00a0Carga 18 kg \/ 39,5 libras]. Material\u00a0Acero, gancho de borde revestido [&hellip;]<\/p>\n","protected":false},"featured_media":4061,"template":"","meta":[],"pwb-brand":[],"product_cat":[35,207,224,225],"product_tag":[],"brands":[],"_links":{"self":[{"href":"https:\/\/www.topbikes.ca\/nicaragua\/wp-json\/wp\/v2\/product\/4014"}],"collection":[{"href":"https:\/\/www.topbikes.ca\/nicaragua\/wp-json\/wp\/v2\/product"}],"about":[{"href":"https:\/\/www.topbikes.ca\/nicaragua\/wp-json\/wp\/v2\/types\/product"}],"wp:featuredmedia":[{"embeddable":true,"href":"https:\/\/www.topbikes.ca\/nicaragua\/wp-json\/wp\/v2\/media\/4061"}],"wp:attachment":[{"href":"https:\/\/www.topbikes.ca\/nicaragua\/wp-json\/wp\/v2\/media?parent=4014"}],"wp:term":[{"taxonomy":"pwb-brand","embeddable":true,"href":"https:\/\/www.topbikes.ca\/nicaragua\/wp-json\/wp\/v2\/pwb-brand?post=4014"},{"taxonomy":"product_cat","embeddable":true,"href":"https:\/\/www.topbikes.ca\/nicaragua\/wp-json\/wp\/v2\/product_cat?post=4014"},{"taxonomy":"product_tag","embeddable":true,"href":"https:\/\/www.topbikes.ca\/nicaragua\/wp-json\/wp\/v2\/product_tag?post=4014"}],"curies":[{"name":"wp","href":"https:\/\/api.w.org\/{rel}","templated":true}]}}