{"id":4015,"date":"2023-11-16T14:35:58","date_gmt":"2023-11-16T20:35:58","guid":{"rendered":"https:\/\/www.topbikes.ca\/nicaragua\/?post_type=product&#038;p=4015"},"modified":"2023-11-16T14:36:48","modified_gmt":"2023-11-16T20:36:48","slug":"soporte-para-bici-20-29-ib-st10-sirve-para-revision-y-ajuste-de-vel","status":"publish","type":"product","link":"https:\/\/www.topbikes.ca\/nicaragua\/producto\/soporte-para-bici-20-29-ib-st10-sirve-para-revision-y-ajuste-de-vel\/","title":{"rendered":"SOPORTE PARA BICI 20&#8243;-29&#8243; IB-ST10  (SIRVE PARA REVISI\u00d3N Y AJUSTE DE VEL.)"},"content":{"rendered":"<p><strong>Soporte plegable y totalmente ajustable para mantenimiento, estacionamiento o exhibici\u00f3n.<\/strong><\/p>\n<ul>\n<li>Altura ajustable (para ruedas de 20\u201329\u00bb)<\/li>\n<li>Anchura ajustable del soporte de la vaina<\/li>\n<li>Reposapi\u00e9s y almohadillas para el suelo que no rayan<\/li>\n<li>Construcci\u00f3n robusta y duradera<\/li>\n<\/ul>\n<p><strong>Caracter\u00edsticas<\/strong>\u00a0Altura ajustable, ancho ajustable del soporte de la vaina, almohadillas para el piso que no rayan, reposabrazos que no rayan, construcci\u00f3n robusta y duradera.<\/p>\n<p><strong>Compatibilidad<\/strong>\u00a0Ruedas de disco o sin disco de 20-29\u00bb.\u00a0[M\u00e1x.\u00a0Carga 25 kg \/ 55 libras].<\/p>\n<p><strong>Material<\/strong>\u00a0Acero, ABS, Caucho termopl\u00e1stico.<\/p>\n","protected":false},"excerpt":{"rendered":"<p>Soporte plegable y totalmente ajustable para mantenimiento, estacionamiento o exhibici\u00f3n. Altura ajustable (para ruedas de 20\u201329\u00bb) Anchura ajustable del soporte de la vaina Reposapi\u00e9s y almohadillas para el suelo que no rayan Construcci\u00f3n robusta y duradera Caracter\u00edsticas\u00a0Altura ajustable, ancho ajustable del soporte de la vaina, almohadillas para el piso que no rayan, reposabrazos que no [&hellip;]<\/p>\n","protected":false},"featured_media":4064,"template":"","meta":[],"pwb-brand":[83],"product_cat":[35,225],"product_tag":[],"brands":[{"id":83,"name":"Accesorios","slug":"accesorios"}],"_links":{"self":[{"href":"https:\/\/www.topbikes.ca\/nicaragua\/wp-json\/wp\/v2\/product\/4015"}],"collection":[{"href":"https:\/\/www.topbikes.ca\/nicaragua\/wp-json\/wp\/v2\/product"}],"about":[{"href":"https:\/\/www.topbikes.ca\/nicaragua\/wp-json\/wp\/v2\/types\/product"}],"wp:featuredmedia":[{"embeddable":true,"href":"https:\/\/www.topbikes.ca\/nicaragua\/wp-json\/wp\/v2\/media\/4064"}],"wp:attachment":[{"href":"https:\/\/www.topbikes.ca\/nicaragua\/wp-json\/wp\/v2\/media?parent=4015"}],"wp:term":[{"taxonomy":"pwb-brand","embeddable":true,"href":"https:\/\/www.topbikes.ca\/nicaragua\/wp-json\/wp\/v2\/pwb-brand?post=4015"},{"taxonomy":"product_cat","embeddable":true,"href":"https:\/\/www.topbikes.ca\/nicaragua\/wp-json\/wp\/v2\/product_cat?post=4015"},{"taxonomy":"product_tag","embeddable":true,"href":"https:\/\/www.topbikes.ca\/nicaragua\/wp-json\/wp\/v2\/product_tag?post=4015"}],"curies":[{"name":"wp","href":"https:\/\/api.w.org\/{rel}","templated":true}]}}