{"id":4076,"date":"2023-11-16T14:36:50","date_gmt":"2023-11-16T20:36:50","guid":{"rendered":"https:\/\/www.topbikes.ca\/nicaragua\/?post_type=product&#038;p=4076"},"modified":"2023-11-30T00:00:51","modified_gmt":"2023-11-30T06:00:51","slug":"gt-zaskar-comp","status":"publish","type":"product","link":"https:\/\/www.topbikes.ca\/nicaragua\/producto\/gt-zaskar-comp\/","title":{"rendered":"GT ZASKAR COMP"},"content":{"rendered":"<p>Ya sea que est\u00e9 compitiendo en la serie local o simplemente dando un paseo con sus compa\u00f1eros, se divertir\u00e1 mucho en Zaskar Comp.\u00a0Con un cuadro de aleaci\u00f3n liviano, una horquilla con bloqueo remoto RockShox Sektor RL y un tren de velocidad SRAM SX de 12, estar\u00e1s listo para todo lo que se te presente en los senderos.<\/p>\n<p>ESPECIFICACIONES<\/p>\n<table id=\"product-attribute-specs-table\" class=\"data-table\">\n<tbody>\n<tr class=\"first odd\">\n<th class=\"label\">TALLAS<\/th>\n<td class=\"data last\">SM MD LG XL<\/td>\n<\/tr>\n<tr class=\"even\">\n<th class=\"label\">C\u00d3DIGO DE MODELO<\/th>\n<td class=\"data last\">G26601M<\/td>\n<\/tr>\n<tr class=\"odd\">\n<th class=\"label\">CUADRO<\/th>\n<td class=\"data last\">Cuadro de aleaci\u00f3n Zaskar, construcci\u00f3n de cuadro Triple Triangle\u2122 feat.\u00a0Tirantes flotantes, BSA 73 mm, eje pasante Boost 12&#215;148, tubo de direcci\u00f3n c\u00f3nico<\/td>\n<\/tr>\n<tr class=\"even\">\n<th class=\"label\">TENEDOR<\/th>\n<td class=\"data last\">RockShox Recon Silver RL, 100 mm, 15&#215;110 Boost, bloqueo remoto, Maxle Lite, compensaci\u00f3n de 51 mm<\/td>\n<\/tr>\n<tr class=\"odd\">\n<th class=\"label\">CADENA<\/th>\n<td class=\"data last\">SRAM SX Eagle, 12 velocidades<\/td>\n<\/tr>\n<tr class=\"even\">\n<th class=\"label\">MANIVELA<\/th>\n<td class=\"data last\">SRAM SX Eagle Power Spline, 34t<\/td>\n<\/tr>\n<tr class=\"odd\">\n<th class=\"label\">PEDALIER<\/th>\n<td class=\"data last\">Spline de potencia Truvativ<\/td>\n<\/tr>\n<tr class=\"even\">\n<th class=\"label\">PEDALES<\/th>\n<td class=\"data last\">No incluido<\/td>\n<\/tr>\n<tr class=\"odd\">\n<th class=\"label\">CAMBIO TRASERO<\/th>\n<td class=\"data last\">\u00c1guila SRAM NX<\/td>\n<\/tr>\n<tr class=\"even\">\n<th class=\"label\">CAMBIADORES<\/th>\n<td class=\"data last\">SRAM SX Eagle, 12 velocidades<\/td>\n<\/tr>\n<tr class=\"odd\">\n<th class=\"label\">CONJUNTO DE DIENTES<\/th>\n<td class=\"data last\">SRAM SX Eagle, 11-50, 12 velocidades<\/td>\n<\/tr>\n<tr class=\"even\">\n<th class=\"label\">LLANTAS<\/th>\n<td class=\"data last\">WTB ST i21 TCS 2.0, 32 h, Tubeless Ready<\/td>\n<\/tr>\n<tr class=\"odd\">\n<th class=\"label\">NEUM\u00c1TICOS<\/th>\n<td class=\"data last\">Vittoria Barzo, 27,5\/29 x 2,25&#8243;, perla de alambre<\/td>\n<\/tr>\n<tr class=\"even\">\n<th class=\"label\">BUJE DELANTERO<\/th>\n<td class=\"data last\">F\u00f3rmula DC-511, 15&#215;100<\/td>\n<\/tr>\n<tr class=\"odd\">\n<th class=\"label\">BUJE TRASERO<\/th>\n<td class=\"data last\">F\u00f3rmula DC-1248, 12&#215;148<\/td>\n<\/tr>\n<tr class=\"even\">\n<th class=\"label\">RADIOS<\/th>\n<td class=\"data last\">Acero inoxidable, 14 g<\/td>\n<\/tr>\n<tr class=\"odd\">\n<th class=\"label\">FRENOS<\/th>\n<td class=\"data last\">Shimano MT400 Hydro Disc, rotores de 160\/160 mm<\/td>\n<\/tr>\n<tr class=\"even\">\n<th class=\"label\">FRENO FRONTAL<\/th>\n<td class=\"data last\">Shimano MT400 Hydro Disc, rotores de 160\/160 mm<\/td>\n<\/tr>\n<tr class=\"odd\">\n<th class=\"label\">FRENO TRASERO<\/th>\n<td class=\"data last\">Shimano MT400 Hydro Disc, rotores de 160\/160 mm<\/td>\n<\/tr>\n<tr class=\"even\">\n<th class=\"label\">MANILLAR<\/th>\n<td class=\"data last\">Torretas de aleaci\u00f3n GT All Terra, doble conificado, elevaci\u00f3n de 15 mm, elevaci\u00f3n de 7\u00b0, ancho de 760 mm<\/td>\n<\/tr>\n<tr class=\"odd\">\n<th class=\"label\">PROVENIR<\/th>\n<td class=\"data last\">Aleaci\u00f3n forjada GT All Terra 3D, 31.8, 7\u00b0, 80 mm<\/td>\n<\/tr>\n<tr class=\"even\">\n<th class=\"label\">PU\u00d1OS<\/th>\n<td class=\"data last\">Declaraci\u00f3n GT<\/td>\n<\/tr>\n<tr class=\"odd\">\n<th class=\"label\">COPAS DE DIRECCI\u00d3N<\/th>\n<td class=\"data last\">FSA No.42E, integrado<\/td>\n<\/tr>\n<tr class=\"even\">\n<th class=\"label\">SILL\u00cdN<\/th>\n<td class=\"data last\">Deporte WTB Silverado<\/td>\n<\/tr>\n<tr class=\"last odd\">\n<th class=\"label\">TIJA DE SILL\u00cdN<\/th>\n<td class=\"data last\">Tija de sill\u00edn de aleaci\u00f3n con microajuste GT All-Terra, 30,9 mm<\/td>\n<\/tr>\n<\/tbody>\n<\/table>\n","protected":false},"excerpt":{"rendered":"<p>Ya sea que est\u00e9 compitiendo en la serie local o simplemente dando un paseo con sus compa\u00f1eros, se divertir\u00e1 mucho en Zaskar Comp.\u00a0Con un cuadro de aleaci\u00f3n liviano, una horquilla con bloqueo remoto RockShox Sektor RL y un tren de velocidad SRAM SX de 12, estar\u00e1s listo para todo lo que se te presente en [&hellip;]<\/p>\n","protected":false},"featured_media":4132,"template":"","meta":[],"pwb-brand":[73,60],"product_cat":[34,218],"product_tag":[],"brands":[{"id":73,"name":"Bicicletas","slug":"bicicletas"},{"id":60,"name":"GT","slug":"gt"}],"_links":{"self":[{"href":"https:\/\/www.topbikes.ca\/nicaragua\/wp-json\/wp\/v2\/product\/4076"}],"collection":[{"href":"https:\/\/www.topbikes.ca\/nicaragua\/wp-json\/wp\/v2\/product"}],"about":[{"href":"https:\/\/www.topbikes.ca\/nicaragua\/wp-json\/wp\/v2\/types\/product"}],"wp:featuredmedia":[{"embeddable":true,"href":"https:\/\/www.topbikes.ca\/nicaragua\/wp-json\/wp\/v2\/media\/4132"}],"wp:attachment":[{"href":"https:\/\/www.topbikes.ca\/nicaragua\/wp-json\/wp\/v2\/media?parent=4076"}],"wp:term":[{"taxonomy":"pwb-brand","embeddable":true,"href":"https:\/\/www.topbikes.ca\/nicaragua\/wp-json\/wp\/v2\/pwb-brand?post=4076"},{"taxonomy":"product_cat","embeddable":true,"href":"https:\/\/www.topbikes.ca\/nicaragua\/wp-json\/wp\/v2\/product_cat?post=4076"},{"taxonomy":"product_tag","embeddable":true,"href":"https:\/\/www.topbikes.ca\/nicaragua\/wp-json\/wp\/v2\/product_tag?post=4076"}],"curies":[{"name":"wp","href":"https:\/\/api.w.org\/{rel}","templated":true}]}}