{"id":4088,"date":"2023-11-16T14:37:11","date_gmt":"2023-11-16T20:37:11","guid":{"rendered":"https:\/\/www.topbikes.ca\/nicaragua\/?post_type=product&#038;p=4088"},"modified":"2023-11-30T00:00:47","modified_gmt":"2023-11-30T06:00:47","slug":"gt-grade-expert-gravel-700c","status":"publish","type":"product","link":"https:\/\/www.topbikes.ca\/nicaragua\/producto\/gt-grade-expert-gravel-700c\/","title":{"rendered":"GT GRADE EXPERT &#8211; GRAVEL 700c"},"content":{"rendered":"<p>Si est\u00e1 buscando su mejor punto de entrada para andar en gravel en una bicicleta gravel de aluminio hecha a mano seleccionada para la diversi\u00f3n con un precio asequible, no busque m\u00e1s: la Grade Expert de GT viene con soportes flotantes, un ic\u00f3nico cuadro Triple Triangle, horquillas completamente de carbono, y grupo Shimano.\u00a0Para carretera, gravel, para todas tus aventuras ciclistas, la Grade Expert de aleaci\u00f3n es la bicicleta para ti.<\/p>\n<p>ESPECIFICACIONES<\/p>\n<table id=\"product-attribute-specs-table\" class=\"data-table\">\n<tbody>\n<tr class=\"odd\">\n<th class=\"label\">CUADRO<\/th>\n<td class=\"data last\">Marco de aleaci\u00f3n de grado, haza\u00f1a de dise\u00f1o de triple tri\u00e1ngulo.\u00a0Tirantes flotantes, eje pasante de 12&#215;142, disco de montaje plano, tubo de direcci\u00f3n c\u00f3nico, compatible con gotero externo, BSA 68 mm<\/td>\n<\/tr>\n<tr class=\"even\">\n<th class=\"label\">TENEDOR<\/th>\n<td class=\"data last\">Horquilla de carbono de grado, tubo de direcci\u00f3n de carbono c\u00f3nico, eje pasante de 12&#215;100, disco de montaje plano<\/td>\n<\/tr>\n<tr class=\"odd\">\n<th class=\"label\">CADENA<\/th>\n<td class=\"data last\">KMC X10, 10 velocidades<\/td>\n<\/tr>\n<tr class=\"even\">\n<th class=\"label\">MANIVELA<\/th>\n<td class=\"data last\">FSA Vero Pro, 48\/32<\/td>\n<\/tr>\n<tr class=\"odd\">\n<th class=\"label\">PEDALIER<\/th>\n<td class=\"data last\">Cartucho, c\u00f3nico cuadrado<\/td>\n<\/tr>\n<tr class=\"even\">\n<th class=\"label\">PEDALES<\/th>\n<td class=\"data last\">Cuerpo OPC de pl\u00e1stico GT<\/td>\n<\/tr>\n<tr class=\"odd\">\n<th class=\"label\">DESVIADOR DELANTERO<\/th>\n<td class=\"data last\">Shimano Tiagra, soldadura fuerte<\/td>\n<\/tr>\n<tr class=\"even\">\n<th class=\"label\">CAMBIO TRASERO<\/th>\n<td class=\"data last\">Shimano GRX RX400, Sombra Plus<\/td>\n<\/tr>\n<tr class=\"odd\">\n<th class=\"label\">CAMBIADORES<\/th>\n<td class=\"data last\">Shimano Tiagra<\/td>\n<\/tr>\n<tr class=\"even\">\n<th class=\"label\">CONJUNTO DE DIENTES<\/th>\n<td class=\"data last\">Shimano HG500, 11-34, 10 velocidades<\/td>\n<\/tr>\n<tr class=\"odd\">\n<th class=\"label\">LLANTAS<\/th>\n<td class=\"data last\">WTB ST i23 TCS 2.0, 28h, Tubeless Ready<\/td>\n<\/tr>\n<tr class=\"even\">\n<th class=\"label\">NEUM\u00c1TICOS<\/th>\n<td class=\"data last\">WTB Riddler TCS Light, 700 x 37c, Tubeless Ready<\/td>\n<\/tr>\n<tr class=\"odd\">\n<th class=\"label\">BUJE DELANTERO<\/th>\n<td class=\"data last\">F\u00f3rmula CL-712, 12&#215;100 Centerlock<\/td>\n<\/tr>\n<tr class=\"even\">\n<th class=\"label\">BUJE TRASERO<\/th>\n<td class=\"data last\">F\u00f3rmula RXC-400, 12&#215;142 Bloqueo central<\/td>\n<\/tr>\n<tr class=\"odd\">\n<th class=\"label\">RADIOS<\/th>\n<td class=\"data last\">Acero inoxidable, 14 g<\/td>\n<\/tr>\n<tr class=\"even\">\n<th class=\"label\">FRENOS<\/th>\n<td class=\"data last\">Disco Shimano Tiagra Hydro, rotores RT10 de 160\/140 mm<\/td>\n<\/tr>\n<tr class=\"odd\">\n<th class=\"label\">MANILLAR<\/th>\n<td class=\"data last\">GT DropTune RS, aleaci\u00f3n, abocardado de 16\u00b0<\/td>\n<\/tr>\n<tr class=\"even\">\n<th class=\"label\">PROVENIR<\/th>\n<td class=\"data last\">Aleaci\u00f3n forjada GT 3D, 31.8<\/td>\n<\/tr>\n<tr class=\"odd\">\n<th class=\"label\">PU\u00d1OS<\/th>\n<td class=\"data last\">velo de corcho<\/td>\n<\/tr>\n<tr class=\"even\">\n<th class=\"label\">COPAS DE DIRECCI\u00d3N<\/th>\n<td class=\"data last\">FSA No.44, integrado, rodamiento sellado<\/td>\n<\/tr>\n<tr class=\"odd\">\n<th class=\"label\">SILL\u00cdN<\/th>\n<td class=\"data last\">Pavimento GT, rieles de acero<\/td>\n<\/tr>\n<tr class=\"last even\">\n<th class=\"label\">TIJA DE SILL\u00cdN<\/th>\n<td class=\"data last\">Aleaci\u00f3n de dos pernos GT<\/td>\n<\/tr>\n<\/tbody>\n<\/table>\n","protected":false},"excerpt":{"rendered":"<p>Si est\u00e1 buscando su mejor punto de entrada para andar en gravel en una bicicleta gravel de aluminio hecha a mano seleccionada para la diversi\u00f3n con un precio asequible, no busque m\u00e1s: la Grade Expert de GT viene con soportes flotantes, un ic\u00f3nico cuadro Triple Triangle, horquillas completamente de carbono, y grupo Shimano.\u00a0Para carretera, gravel, [&hellip;]<\/p>\n","protected":false},"featured_media":4135,"template":"","meta":[],"pwb-brand":[73,60],"product_cat":[34,228],"product_tag":[],"brands":[{"id":73,"name":"Bicicletas","slug":"bicicletas"},{"id":60,"name":"GT","slug":"gt"}],"_links":{"self":[{"href":"https:\/\/www.topbikes.ca\/nicaragua\/wp-json\/wp\/v2\/product\/4088"}],"collection":[{"href":"https:\/\/www.topbikes.ca\/nicaragua\/wp-json\/wp\/v2\/product"}],"about":[{"href":"https:\/\/www.topbikes.ca\/nicaragua\/wp-json\/wp\/v2\/types\/product"}],"wp:featuredmedia":[{"embeddable":true,"href":"https:\/\/www.topbikes.ca\/nicaragua\/wp-json\/wp\/v2\/media\/4135"}],"wp:attachment":[{"href":"https:\/\/www.topbikes.ca\/nicaragua\/wp-json\/wp\/v2\/media?parent=4088"}],"wp:term":[{"taxonomy":"pwb-brand","embeddable":true,"href":"https:\/\/www.topbikes.ca\/nicaragua\/wp-json\/wp\/v2\/pwb-brand?post=4088"},{"taxonomy":"product_cat","embeddable":true,"href":"https:\/\/www.topbikes.ca\/nicaragua\/wp-json\/wp\/v2\/product_cat?post=4088"},{"taxonomy":"product_tag","embeddable":true,"href":"https:\/\/www.topbikes.ca\/nicaragua\/wp-json\/wp\/v2\/product_tag?post=4088"}],"curies":[{"name":"wp","href":"https:\/\/api.w.org\/{rel}","templated":true}]}}