{"id":4089,"date":"2023-11-16T14:37:11","date_gmt":"2023-11-16T20:37:11","guid":{"rendered":"https:\/\/www.topbikes.ca\/nicaragua\/?post_type=product&#038;p=4089"},"modified":"2023-11-30T00:00:51","modified_gmt":"2023-11-30T06:00:51","slug":"droute-equilibrio-magnesio","status":"publish","type":"product","link":"https:\/\/www.topbikes.ca\/nicaragua\/producto\/droute-equilibrio-magnesio\/","title":{"rendered":"D\u00b4ROUTE EQUILIBRIO MAGNESIO"},"content":{"rendered":"<p>Esta es la opci\u00f3n para que los futuros ciclistas se diviertan desde los 18 meses de edad y desarrollen motricidad.<\/p>\n<p>No habr\u00e1 ejercicio mas divertido que este para ellos y toda la familia disfrutar\u00e1 ver los logros de los peque\u00f1os campeones sobre una bicicleta de balance.<\/p>\n<p>El marco de esta bicicleta est\u00e1 construido en magnesio para lograr un peso \u00f3ptimo.<\/p>\n","protected":false},"excerpt":{"rendered":"<p>Esta es la opci\u00f3n para que los futuros ciclistas se diviertan desde los 18 meses de edad y desarrollen motricidad. No habr\u00e1 ejercicio mas divertido que este para ellos y toda la familia disfrutar\u00e1 ver los logros de los peque\u00f1os campeones sobre una bicicleta de balance. El marco de esta bicicleta est\u00e1 construido en magnesio [&hellip;]<\/p>\n","protected":false},"featured_media":4138,"template":"","meta":[],"pwb-brand":[73,124],"product_cat":[202],"product_tag":[],"brands":[{"id":73,"name":"Bicicletas","slug":"bicicletas"},{"id":124,"name":"D' ROUTE","slug":"d-route"}],"_links":{"self":[{"href":"https:\/\/www.topbikes.ca\/nicaragua\/wp-json\/wp\/v2\/product\/4089"}],"collection":[{"href":"https:\/\/www.topbikes.ca\/nicaragua\/wp-json\/wp\/v2\/product"}],"about":[{"href":"https:\/\/www.topbikes.ca\/nicaragua\/wp-json\/wp\/v2\/types\/product"}],"wp:featuredmedia":[{"embeddable":true,"href":"https:\/\/www.topbikes.ca\/nicaragua\/wp-json\/wp\/v2\/media\/4138"}],"wp:attachment":[{"href":"https:\/\/www.topbikes.ca\/nicaragua\/wp-json\/wp\/v2\/media?parent=4089"}],"wp:term":[{"taxonomy":"pwb-brand","embeddable":true,"href":"https:\/\/www.topbikes.ca\/nicaragua\/wp-json\/wp\/v2\/pwb-brand?post=4089"},{"taxonomy":"product_cat","embeddable":true,"href":"https:\/\/www.topbikes.ca\/nicaragua\/wp-json\/wp\/v2\/product_cat?post=4089"},{"taxonomy":"product_tag","embeddable":true,"href":"https:\/\/www.topbikes.ca\/nicaragua\/wp-json\/wp\/v2\/product_tag?post=4089"}],"curies":[{"name":"wp","href":"https:\/\/api.w.org\/{rel}","templated":true}]}}