{"id":4093,"date":"2023-11-16T14:37:12","date_gmt":"2023-11-16T20:37:12","guid":{"rendered":"https:\/\/www.topbikes.ca\/nicaragua\/?post_type=product&#038;p=4093"},"modified":"2023-11-16T14:38:53","modified_gmt":"2023-11-16T20:38:53","slug":"bh-expert-4-5","status":"publish","type":"product","link":"https:\/\/www.topbikes.ca\/nicaragua\/producto\/bh-expert-4-5\/","title":{"rendered":"BH EXPERT 4.5"},"content":{"rendered":"<div class=\"vsf-col-lg-4\">\n<article class=\"c-bike-technology__right-item\">\n<h2 class=\"o-ficha-block-subtitle\">Es tu bici si<\/h2>\n<p class=\"o-ficha-block-text\">Buscas una bicicleta de MTB XC t\u00e9cnica en las bajadas y r\u00e1pida y eficaz en el pedaleo.<\/p>\n<\/article>\n<\/div>\n<div class=\"vsf-col-lg-4\">\n<article class=\"c-bike-technology__right-item\">\n<h2 class=\"o-ficha-block-subtitle\">Tecnolog\u00eda \u00fanica en<\/h2>\n<p class=\"o-ficha-block-text\">\u00c1ngulo de direcci\u00f3n lanzado, vainas cortas y un tubo de superior m\u00e1s largo. Perfectos para una XC t\u00e9cnica en las bajadas y r\u00e1pida y eficaz en el pedaleo. Fabricada en alu 6061 para garantizar rigidez y un peso del cuadro de solo 1.600 gramos.<\/p>\n<\/article>\n<\/div>\n<div class=\"vsf-col-lg-4\">\n<article class=\"c-bike-technology__right-item\">\n<h2 class=\"o-ficha-block-subtitle\">Es diferente por<\/h2>\n<p class=\"o-ficha-block-text\">La tecnologia hiydroforming permite dise\u00f1ar cuadros atractivos y con altos coeficientes de ligereza y resistencia en Alu 6061. Los cuadros Expert combinan extra de rigidez en su zona inferior y alto nivel de confort y flexibilidad en los tubos superiores.<\/p>\n<\/article>\n<\/div>\n","protected":false},"excerpt":{"rendered":"<p>Es tu bici si Buscas una bicicleta de MTB XC t\u00e9cnica en las bajadas y r\u00e1pida y eficaz en el pedaleo. Tecnolog\u00eda \u00fanica en \u00c1ngulo de direcci\u00f3n lanzado, vainas cortas y un tubo de superior m\u00e1s largo. Perfectos para una XC t\u00e9cnica en las bajadas y r\u00e1pida y eficaz en el pedaleo. Fabricada en alu [&hellip;]<\/p>\n","protected":false},"featured_media":4151,"template":"","meta":[],"pwb-brand":[42,73],"product_cat":[34,218],"product_tag":[],"brands":[{"id":42,"name":"BH","slug":"bh"},{"id":73,"name":"Bicicletas","slug":"bicicletas"}],"_links":{"self":[{"href":"https:\/\/www.topbikes.ca\/nicaragua\/wp-json\/wp\/v2\/product\/4093"}],"collection":[{"href":"https:\/\/www.topbikes.ca\/nicaragua\/wp-json\/wp\/v2\/product"}],"about":[{"href":"https:\/\/www.topbikes.ca\/nicaragua\/wp-json\/wp\/v2\/types\/product"}],"wp:featuredmedia":[{"embeddable":true,"href":"https:\/\/www.topbikes.ca\/nicaragua\/wp-json\/wp\/v2\/media\/4151"}],"wp:attachment":[{"href":"https:\/\/www.topbikes.ca\/nicaragua\/wp-json\/wp\/v2\/media?parent=4093"}],"wp:term":[{"taxonomy":"pwb-brand","embeddable":true,"href":"https:\/\/www.topbikes.ca\/nicaragua\/wp-json\/wp\/v2\/pwb-brand?post=4093"},{"taxonomy":"product_cat","embeddable":true,"href":"https:\/\/www.topbikes.ca\/nicaragua\/wp-json\/wp\/v2\/product_cat?post=4093"},{"taxonomy":"product_tag","embeddable":true,"href":"https:\/\/www.topbikes.ca\/nicaragua\/wp-json\/wp\/v2\/product_tag?post=4093"}],"curies":[{"name":"wp","href":"https:\/\/api.w.org\/{rel}","templated":true}]}}