{"id":4109,"date":"2023-11-16T14:37:38","date_gmt":"2023-11-16T20:37:38","guid":{"rendered":"https:\/\/www.topbikes.ca\/nicaragua\/?post_type=product&#038;p=4109"},"modified":"2023-11-16T14:38:45","modified_gmt":"2023-11-16T20:38:45","slug":"bh-e-bike-xtep-carbon-9-8-es982","status":"publish","type":"product","link":"https:\/\/www.topbikes.ca\/nicaragua\/producto\/bh-e-bike-xtep-carbon-9-8-es982\/","title":{"rendered":"BH E-BIKE XTEP CARBON 9.8     ES982"},"content":{"rendered":"<div class=\"vsf-col-lg-4\">\n<article class=\"c-bike-technology__right-item\">\n<h2 class=\"o-ficha-block-subtitle\">Es tu bici si<\/h2>\n<p class=\"o-ficha-block-text\">Buscas una bicicleta el\u00e9ctrica de dise\u00f1o innovador, con una geometria High Performance de alto rendimiento y con una gran capacidad- su bateria tiene 720wh.<\/p>\n<\/article>\n<\/div>\n<div class=\"vsf-col-lg-4\">\n<article class=\"c-bike-technology__right-item\">\n<h2 class=\"o-ficha-block-subtitle\">Tecnolog\u00eda \u00fanica en<\/h2>\n<p class=\"o-ficha-block-text\">El dise\u00f1o de la XTEP Carbon garantiza una conducci\u00f3n natural, el apoyo al rider en las subidas y el control en las bajadas. Est\u00e1 dise\u00f1ada con una baja resistencia magn\u00e9tica (Low Drag) y con una potencia que se mantiene de forma prolongada en las subidas y un punto \u00f3ptimo de funcionamiento a elevadas cadencias (90-120rpm)una cadencia m\u00e1xima de 130rpm y un par m\u00e1ximo de 85Nm. Incorpora el nuevo motor Shimano EP8 \u2014con 3 niveles de asistencia: Eco 50%, Trail 200%, y Boost 380%; y el sistema Split Pivot \u2014que permite actuar por separado en las tres fuerzas que se producen sobre una bicicleta: pedaleo, frenado y suspensi\u00f3n.<\/p>\n<\/article>\n<\/div>\n<div class=\"vsf-col-lg-4\">\n<article class=\"c-bike-technology__right-item\">\n<h2 class=\"o-ficha-block-subtitle\">Es diferente por<\/h2>\n<p class=\"o-ficha-block-text\">Su sistema \u00abX System\u00bb patentado y dise\u00f1ado, garantiza una rigidez m\u00e1xima del cuadro y su geometria High Performance con la que obtener el m\u00e1ximo rendimento. Las bicicletas el\u00e9ctricas Xtep Carbon incorporan un Smart Key Bracelet y una App \u00abEtube\u00bb para parametrizar los modos de asistencia.<\/p>\n<h1 class=\"o-ficha-block-title o-no-mobile\">TECNOLOG\u00cdA<\/h1>\n<ul class=\"c-bike-technology-points-nav\">\n<li class=\"c-bike-technology-points-nav__item nav-active\" data-nav=\"1\">M\u00c1S R\u00cdGIDA Y M\u00c1S LIGERA<\/li>\n<li class=\"c-bike-technology-points-nav__item\" data-nav=\"2\">155 KM DE AUTONOM\u00cdA<\/li>\n<li class=\"c-bike-technology-points-nav__item\" data-nav=\"3\">EL MOTOR, MI POTENCIA AL 400%<\/li>\n<li class=\"c-bike-technology-points-nav__item\" data-nav=\"4\">PREOC\u00daPATE SOLO DE DISFRUTAR<\/li>\n<li class=\"c-bike-technology-points-nav__item\" data-nav=\"5\">SIN CABLES<\/li>\n<li class=\"c-bike-technology-points-nav__item\" data-nav=\"6\">DISPLAY EM8000<\/li>\n<\/ul>\n<\/article>\n<\/div>\n","protected":false},"excerpt":{"rendered":"<p>Es tu bici si Buscas una bicicleta el\u00e9ctrica de dise\u00f1o innovador, con una geometria High Performance de alto rendimiento y con una gran capacidad- su bateria tiene 720wh. Tecnolog\u00eda \u00fanica en El dise\u00f1o de la XTEP Carbon garantiza una conducci\u00f3n natural, el apoyo al rider en las subidas y el control en las bajadas. Est\u00e1 [&hellip;]<\/p>\n","protected":false},"featured_media":4155,"template":"","meta":[],"pwb-brand":[42,73],"product_cat":[34,221,164],"product_tag":[],"brands":[{"id":42,"name":"BH","slug":"bh"},{"id":73,"name":"Bicicletas","slug":"bicicletas"}],"_links":{"self":[{"href":"https:\/\/www.topbikes.ca\/nicaragua\/wp-json\/wp\/v2\/product\/4109"}],"collection":[{"href":"https:\/\/www.topbikes.ca\/nicaragua\/wp-json\/wp\/v2\/product"}],"about":[{"href":"https:\/\/www.topbikes.ca\/nicaragua\/wp-json\/wp\/v2\/types\/product"}],"wp:featuredmedia":[{"embeddable":true,"href":"https:\/\/www.topbikes.ca\/nicaragua\/wp-json\/wp\/v2\/media\/4155"}],"wp:attachment":[{"href":"https:\/\/www.topbikes.ca\/nicaragua\/wp-json\/wp\/v2\/media?parent=4109"}],"wp:term":[{"taxonomy":"pwb-brand","embeddable":true,"href":"https:\/\/www.topbikes.ca\/nicaragua\/wp-json\/wp\/v2\/pwb-brand?post=4109"},{"taxonomy":"product_cat","embeddable":true,"href":"https:\/\/www.topbikes.ca\/nicaragua\/wp-json\/wp\/v2\/product_cat?post=4109"},{"taxonomy":"product_tag","embeddable":true,"href":"https:\/\/www.topbikes.ca\/nicaragua\/wp-json\/wp\/v2\/product_tag?post=4109"}],"curies":[{"name":"wp","href":"https:\/\/api.w.org\/{rel}","templated":true}]}}