{"id":4110,"date":"2023-11-16T14:37:38","date_gmt":"2023-11-16T20:37:38","guid":{"rendered":"https:\/\/www.topbikes.ca\/nicaragua\/?post_type=product&#038;p=4110"},"modified":"2023-11-16T14:38:49","modified_gmt":"2023-11-16T20:38:49","slug":"bh-spike-3-0-a3092-talla-sm","status":"publish","type":"product","link":"https:\/\/www.topbikes.ca\/nicaragua\/producto\/bh-spike-3-0-a3092-talla-sm\/","title":{"rendered":"BH SPIKE  3.0   A3092  TALLA \u00abSM\u00bb"},"content":{"rendered":"<div class=\"vsf-col-lg-4\">\n<article class=\"c-bike-technology__right-item\">\n<h2 class=\"o-ficha-block-subtitle\">Es tu bici si<\/h2>\n<p class=\"o-ficha-block-text\">Con la bicicleta de mtb Spike 29\u201d en terrenos bacheados y pedregosos controlar\u00e1s la bici de manera m\u00e1s sencilla puesto que la rueda, al ser m\u00e1s grande, franquea mejor cualquier obst\u00e1culo.<\/p>\n<\/article>\n<\/div>\n<div class=\"vsf-col-lg-4\">\n<article class=\"c-bike-technology__right-item\">\n<h2 class=\"o-ficha-block-subtitle\">Tecnolog\u00eda \u00fanica en<\/h2>\n<p class=\"o-ficha-block-text\">Fabricada en alu 6061 para garantizar rigidez y un peso del cuadro de solo 1.800 gramos.<\/p>\n<\/article>\n<\/div>\n<div class=\"vsf-col-lg-4\">\n<article class=\"c-bike-technology__right-item\">\n<h2 class=\"o-ficha-block-subtitle\">Es diferente por<\/h2>\n<p class=\"o-ficha-block-text\">Su dise\u00f1or proporciona una enorme sensaci\u00f3n de respuesta y la distancia entre ejes y su centro de gravedad m\u00e1s bajo logra aumentar la estabilidad.<\/p>\n<\/article>\n<\/div>\n","protected":false},"excerpt":{"rendered":"<p>Es tu bici si Con la bicicleta de mtb Spike 29\u201d en terrenos bacheados y pedregosos controlar\u00e1s la bici de manera m\u00e1s sencilla puesto que la rueda, al ser m\u00e1s grande, franquea mejor cualquier obst\u00e1culo. Tecnolog\u00eda \u00fanica en Fabricada en alu 6061 para garantizar rigidez y un peso del cuadro de solo 1.800 gramos. Es [&hellip;]<\/p>\n","protected":false},"featured_media":4156,"template":"","meta":[],"pwb-brand":[42,73],"product_cat":[34,218,164],"product_tag":[],"brands":[{"id":42,"name":"BH","slug":"bh"},{"id":73,"name":"Bicicletas","slug":"bicicletas"}],"_links":{"self":[{"href":"https:\/\/www.topbikes.ca\/nicaragua\/wp-json\/wp\/v2\/product\/4110"}],"collection":[{"href":"https:\/\/www.topbikes.ca\/nicaragua\/wp-json\/wp\/v2\/product"}],"about":[{"href":"https:\/\/www.topbikes.ca\/nicaragua\/wp-json\/wp\/v2\/types\/product"}],"wp:featuredmedia":[{"embeddable":true,"href":"https:\/\/www.topbikes.ca\/nicaragua\/wp-json\/wp\/v2\/media\/4156"}],"wp:attachment":[{"href":"https:\/\/www.topbikes.ca\/nicaragua\/wp-json\/wp\/v2\/media?parent=4110"}],"wp:term":[{"taxonomy":"pwb-brand","embeddable":true,"href":"https:\/\/www.topbikes.ca\/nicaragua\/wp-json\/wp\/v2\/pwb-brand?post=4110"},{"taxonomy":"product_cat","embeddable":true,"href":"https:\/\/www.topbikes.ca\/nicaragua\/wp-json\/wp\/v2\/product_cat?post=4110"},{"taxonomy":"product_tag","embeddable":true,"href":"https:\/\/www.topbikes.ca\/nicaragua\/wp-json\/wp\/v2\/product_tag?post=4110"}],"curies":[{"name":"wp","href":"https:\/\/api.w.org\/{rel}","templated":true}]}}