{"id":4126,"date":"2023-11-16T14:38:05","date_gmt":"2023-11-16T20:38:05","guid":{"rendered":"https:\/\/www.topbikes.ca\/nicaragua\/?post_type=product&#038;p=4126"},"modified":"2023-11-16T14:38:59","modified_gmt":"2023-11-16T20:38:59","slug":"bh-lynx-race-6-0-carbon-dx602-talla-md","status":"publish","type":"product","link":"https:\/\/www.topbikes.ca\/nicaragua\/producto\/bh-lynx-race-6-0-carbon-dx602-talla-md\/","title":{"rendered":"BH LYNX RACE 6.0 CARBON   DX602  TALLA \u00abMD\u00bb"},"content":{"rendered":"<section id=\"bike-technology\" class=\"c-bike-technology c-ficha-section js-open-mobile\">\n<div class=\"vsf-row\">\n<div class=\"vsf-col-lg-9 c-ficha-bike-dropdown-mobile\" aria-hidden=\"true\">\n<div class=\"c-bike-technology__right\">\n<div class=\"vsf-container-fluid\">\n<div class=\"vsf-row\">\n<div class=\"vsf-col-lg-4\">\n<article class=\"c-bike-technology__right-item\">\n<h2 class=\"o-ficha-block-subtitle\">Es tu bici si<\/h2>\n<p class=\"o-ficha-block-text\">La bicicleta de MTB-XC Lynx Race es una bicicleta \u00e1gil, ligera y de m\u00e1ximo rendimiento que compite en la copa del mundo de XC. Su sistema Split Pivot garantiza la m\u00e1xima eficacia del pedaleo con una suspensi\u00f3n que funciona de manera constante y progresiva.<\/p>\n<\/article>\n<\/div>\n<div class=\"vsf-col-lg-4\">\n<article class=\"c-bike-technology__right-item\">\n<h2 class=\"o-ficha-block-subtitle\">Tecnolog\u00eda \u00fanica en<\/h2>\n<p class=\"o-ficha-block-text\">La bicicleta de 100mm-120mm de XC- Marathon Lynx Race se ha construido utilizando la tecnolog\u00eda de moldeado de carbono HCIM que se aplica en BH Bikes en los cuadros de carretera de alto rendimiento. Incorpora las fibras de carbono Toray T1100 y T800.<\/p>\n<\/article>\n<\/div>\n<div class=\"vsf-col-lg-4\">\n<article class=\"c-bike-technology__right-item\">\n<h2 class=\"o-ficha-block-subtitle\">Es diferente por<\/h2>\n<p class=\"o-ficha-block-text\">Incorpora una tecnolog\u00eda para cuadros monocasco que aplica una alta presi\u00f3n en el molde para alcanzar los m\u00e1s altos niveles de material compacto y eliminar presiones inconsistentes en el cuadro que creen burbujas e imperfecciones. Este sistema de fabricaci\u00f3n permite controlar y optimizar los espesores \u00f3ptimos en las diferentes partes del cuadro.<\/p>\n<\/article>\n<\/div>\n<\/div>\n<\/div>\n<\/div>\n<\/div>\n<\/div>\n<\/section>\n<section id=\"bike-technology-points\" class=\"c-bike-technology-points c-ficha-section js-open-mobile\">\n<div class=\"vsf-row c-ficha-bike-dropdown-mobile-tech\" aria-hidden=\"true\">\n<div class=\"vsf-col-lg-3\">\n<h1 class=\"o-ficha-block-title o-no-mobile\">TECNOLOG\u00cdA<\/h1>\n<ul class=\"c-bike-technology-points-nav\">\n<li class=\"c-bike-technology-points-nav__item nav-active\" data-nav=\"1\">GEOMETR\u00cdA &amp; 100 O 120MM<\/li>\n<li class=\"c-bike-technology-points-nav__item\" data-nav=\"2\">+ RIGIDEZ<\/li>\n<li class=\"c-bike-technology-points-nav__item\" data-nav=\"3\">LIGEREZA ANTE TODO<\/li>\n<li class=\"c-bike-technology-points-nav__item\" data-nav=\"4\">FAST INTERVENTION TOOL<\/li>\n<li class=\"c-bike-technology-points-nav__item\" data-nav=\"5\">BH UNIQUE<\/li>\n<\/ul>\n<\/div>\n<div class=\"vsf-col-lg-9\">\n<article class=\"c-bike-technology-points-info\" data-nav=\"1\">\n<div class=\"vsf-container-fluid\">\n<div class=\"vsf-row\">\n<div class=\"vsf-col-lg-4\">\n<div class=\"c-bike-technology-points-info__text js-scroll-text\">\n<p class=\"o-ficha-block-subtitle c-bike-technology-points-info-title \">GEOMETR\u00cdA &amp; 100 o 120mm<\/p>\n<p class=\"o-ficha-block-text c-bike-technology-points-info-text\">Obtener el mayor equilibrio entre la agresividad y la estabilidad. Para ello hemos alargado el reach entre 10 y 20 mm, el \u00e1ngulo de direcci\u00f3n lo situamos entre 68\u00ba y 67\u00ba con unas vainas cortas de 430mm que mantienen la agilidad subiendo y bajando.<\/p>\n<p>Gracias al uso del estandar \u201cMetric\u201d, la Lynx Race ofrece 100 o 120mm de recorrido manteniendo el mismo nivel de Antisquat -que garantiza la eficacia de pedaleo- y Brake Squat -que garantiza una frenada \u00f3ptima.<\/p>\n<\/div>\n<\/div>\n<\/div>\n<\/div>\n<\/article>\n<\/div>\n<\/div>\n<\/section>\n","protected":false},"excerpt":{"rendered":"<p>Es tu bici si La bicicleta de MTB-XC Lynx Race es una bicicleta \u00e1gil, ligera y de m\u00e1ximo rendimiento que compite en la copa del mundo de XC. Su sistema Split Pivot garantiza la m\u00e1xima eficacia del pedaleo con una suspensi\u00f3n que funciona de manera constante y progresiva. Tecnolog\u00eda \u00fanica en La bicicleta de 100mm-120mm [&hellip;]<\/p>\n","protected":false},"featured_media":4171,"template":"","meta":[],"pwb-brand":[42,73],"product_cat":[34,218],"product_tag":[],"brands":[{"id":42,"name":"BH","slug":"bh"},{"id":73,"name":"Bicicletas","slug":"bicicletas"}],"_links":{"self":[{"href":"https:\/\/www.topbikes.ca\/nicaragua\/wp-json\/wp\/v2\/product\/4126"}],"collection":[{"href":"https:\/\/www.topbikes.ca\/nicaragua\/wp-json\/wp\/v2\/product"}],"about":[{"href":"https:\/\/www.topbikes.ca\/nicaragua\/wp-json\/wp\/v2\/types\/product"}],"wp:featuredmedia":[{"embeddable":true,"href":"https:\/\/www.topbikes.ca\/nicaragua\/wp-json\/wp\/v2\/media\/4171"}],"wp:attachment":[{"href":"https:\/\/www.topbikes.ca\/nicaragua\/wp-json\/wp\/v2\/media?parent=4126"}],"wp:term":[{"taxonomy":"pwb-brand","embeddable":true,"href":"https:\/\/www.topbikes.ca\/nicaragua\/wp-json\/wp\/v2\/pwb-brand?post=4126"},{"taxonomy":"product_cat","embeddable":true,"href":"https:\/\/www.topbikes.ca\/nicaragua\/wp-json\/wp\/v2\/product_cat?post=4126"},{"taxonomy":"product_tag","embeddable":true,"href":"https:\/\/www.topbikes.ca\/nicaragua\/wp-json\/wp\/v2\/product_tag?post=4126"}],"curies":[{"name":"wp","href":"https:\/\/api.w.org\/{rel}","templated":true}]}}