{"id":4266,"date":"2023-11-16T14:39:44","date_gmt":"2023-11-16T20:39:44","guid":{"rendered":"https:\/\/www.topbikes.ca\/nicaragua\/?post_type=product&#038;p=4266"},"modified":"2023-11-16T14:40:38","modified_gmt":"2023-11-16T20:40:38","slug":"jersey-rossini","status":"publish","type":"product","link":"https:\/\/www.topbikes.ca\/nicaragua\/producto\/jersey-rossini\/","title":{"rendered":"JERSEY ROSSINI"},"content":{"rendered":"<h6 id=\"tw-target-text\" class=\"tw-data-text tw-text-large tw-ta\" data-placeholder=\"Traducci\u00f3n\"><span class=\"Y2IQFc\" lang=\"es\">El maillot Rossini para hombre establece un nuevo est\u00e1ndar para tu entrenamiento ciclista. Se adaptar\u00e1 tanto a ciclistas profesionales como aficionados gracias a un ajuste favorecedor. Est\u00e1 confeccionada con un tejido resistente pero ligero y transpirable, que te mantendr\u00e1 c\u00f3modo incluso en tus rutas m\u00e1s largas. Perfecto para la primavera como capa \u00fanica o el invierno como capa inferior. Paneles de ventilaci\u00f3n de malla, tiradores el\u00e1sticos en las mangas y el dobladillo y un dise\u00f1o fuera de este mundo. \u00bfQu\u00e9 m\u00e1s podemos pedir en una camiseta?<\/span><\/h6>\n","protected":false},"excerpt":{"rendered":"<p>El maillot Rossini para hombre establece un nuevo est\u00e1ndar para tu entrenamiento ciclista. Se adaptar\u00e1 tanto a ciclistas profesionales como aficionados gracias a un ajuste favorecedor. Est\u00e1 confeccionada con un tejido resistente pero ligero y transpirable, que te mantendr\u00e1 c\u00f3modo incluso en tus rutas m\u00e1s largas. Perfecto para la primavera como capa \u00fanica o el [&hellip;]<\/p>\n","protected":false},"featured_media":4280,"template":"","meta":[],"pwb-brand":[92,57],"product_cat":[91,217,164],"product_tag":[],"brands":[{"id":92,"name":"Equipamiento","slug":"equipamiento"},{"id":57,"name":"Funkier","slug":"funkier"}],"_links":{"self":[{"href":"https:\/\/www.topbikes.ca\/nicaragua\/wp-json\/wp\/v2\/product\/4266"}],"collection":[{"href":"https:\/\/www.topbikes.ca\/nicaragua\/wp-json\/wp\/v2\/product"}],"about":[{"href":"https:\/\/www.topbikes.ca\/nicaragua\/wp-json\/wp\/v2\/types\/product"}],"wp:featuredmedia":[{"embeddable":true,"href":"https:\/\/www.topbikes.ca\/nicaragua\/wp-json\/wp\/v2\/media\/4280"}],"wp:attachment":[{"href":"https:\/\/www.topbikes.ca\/nicaragua\/wp-json\/wp\/v2\/media?parent=4266"}],"wp:term":[{"taxonomy":"pwb-brand","embeddable":true,"href":"https:\/\/www.topbikes.ca\/nicaragua\/wp-json\/wp\/v2\/pwb-brand?post=4266"},{"taxonomy":"product_cat","embeddable":true,"href":"https:\/\/www.topbikes.ca\/nicaragua\/wp-json\/wp\/v2\/product_cat?post=4266"},{"taxonomy":"product_tag","embeddable":true,"href":"https:\/\/www.topbikes.ca\/nicaragua\/wp-json\/wp\/v2\/product_tag?post=4266"}],"curies":[{"name":"wp","href":"https:\/\/api.w.org\/{rel}","templated":true}]}}