{"id":4290,"date":"2023-11-16T14:40:11","date_gmt":"2023-11-16T20:40:11","guid":{"rendered":"https:\/\/www.topbikes.ca\/nicaragua\/?post_type=product&#038;p=4290"},"modified":"2023-11-16T14:40:38","modified_gmt":"2023-11-16T20:40:38","slug":"guantes-completos-riccione","status":"publish","type":"product","link":"https:\/\/www.topbikes.ca\/nicaragua\/producto\/guantes-completos-riccione\/","title":{"rendered":"GUANTES COMPLETOS RICCIONE"},"content":{"rendered":"<h6 id=\"tw-target-text\" class=\"tw-data-text tw-text-large tw-ta\" data-placeholder=\"Traducci\u00f3n\"><span class=\"Y2IQFc\" lang=\"es\">El guante de invierno de dedos completos Riccione se ajusta perfectamente, proporcionando comodidad y facilidad de uso ya que su tejido c\u00e1lido y su forma proteger\u00e1n perfectamente el calor que se escapa al exterior de tu cuerpo, permiti\u00e9ndote mantenerte caliente y seco mientras colocas tus manos c\u00f3modamente en el manillar durante mucho tiempo. paseos de invierno.<\/span><\/h6>\n","protected":false},"excerpt":{"rendered":"<p>El guante de invierno de dedos completos Riccione se ajusta perfectamente, proporcionando comodidad y facilidad de uso ya que su tejido c\u00e1lido y su forma proteger\u00e1n perfectamente el calor que se escapa al exterior de tu cuerpo, permiti\u00e9ndote mantenerte caliente y seco mientras colocas tus manos c\u00f3modamente en el manillar durante mucho tiempo. paseos de [&hellip;]<\/p>\n","protected":false},"featured_media":4307,"template":"","meta":[],"pwb-brand":[92,57],"product_cat":[91,226],"product_tag":[],"brands":[{"id":92,"name":"Equipamiento","slug":"equipamiento"},{"id":57,"name":"Funkier","slug":"funkier"}],"_links":{"self":[{"href":"https:\/\/www.topbikes.ca\/nicaragua\/wp-json\/wp\/v2\/product\/4290"}],"collection":[{"href":"https:\/\/www.topbikes.ca\/nicaragua\/wp-json\/wp\/v2\/product"}],"about":[{"href":"https:\/\/www.topbikes.ca\/nicaragua\/wp-json\/wp\/v2\/types\/product"}],"wp:featuredmedia":[{"embeddable":true,"href":"https:\/\/www.topbikes.ca\/nicaragua\/wp-json\/wp\/v2\/media\/4307"}],"wp:attachment":[{"href":"https:\/\/www.topbikes.ca\/nicaragua\/wp-json\/wp\/v2\/media?parent=4290"}],"wp:term":[{"taxonomy":"pwb-brand","embeddable":true,"href":"https:\/\/www.topbikes.ca\/nicaragua\/wp-json\/wp\/v2\/pwb-brand?post=4290"},{"taxonomy":"product_cat","embeddable":true,"href":"https:\/\/www.topbikes.ca\/nicaragua\/wp-json\/wp\/v2\/product_cat?post=4290"},{"taxonomy":"product_tag","embeddable":true,"href":"https:\/\/www.topbikes.ca\/nicaragua\/wp-json\/wp\/v2\/product_tag?post=4290"}],"curies":[{"name":"wp","href":"https:\/\/api.w.org\/{rel}","templated":true}]}}