{"id":4295,"date":"2023-11-16T14:40:12","date_gmt":"2023-11-16T20:40:12","guid":{"rendered":"https:\/\/www.topbikes.ca\/nicaragua\/?post_type=product&#038;p=4295"},"modified":"2023-11-16T14:40:38","modified_gmt":"2023-11-16T20:40:38","slug":"casco-neutron-ninos","status":"publish","type":"product","link":"https:\/\/www.topbikes.ca\/nicaragua\/producto\/casco-neutron-ninos\/","title":{"rendered":"CASCO NEUTRON NI\u00d1OS"},"content":{"rendered":"<h6 id=\"tw-target-text\" class=\"tw-data-text tw-text-large tw-ta\" style=\"text-align: center\" data-placeholder=\"Traducci\u00f3n\"><span class=\"Y2IQFc\" lang=\"es\">El casco para ni\u00f1os NeutRon est\u00e1 dise\u00f1ado para hacer felices a todos. primero los ni\u00f1os, 4 colores con ilustraciones hechas para hacer este producto de seguridad f\u00e1cil y divertido. Adem\u00e1s, 16 orificios de ventilaci\u00f3n, livianos y de alto est\u00e1ndar europeo hechos para que los padres est\u00e9n satisfechos y tranquilos mientras su hijo est\u00e1 montando.<\/span><\/h6>\n","protected":false},"excerpt":{"rendered":"<p>El casco para ni\u00f1os NeutRon est\u00e1 dise\u00f1ado para hacer felices a todos. primero los ni\u00f1os, 4 colores con ilustraciones hechas para hacer este producto de seguridad f\u00e1cil y divertido. Adem\u00e1s, 16 orificios de ventilaci\u00f3n, livianos y de alto est\u00e1ndar europeo hechos para que los padres est\u00e9n satisfechos y tranquilos mientras su hijo est\u00e1 montando.<\/p>\n","protected":false},"featured_media":4309,"template":"","meta":[],"pwb-brand":[92,57],"product_cat":[222,91],"product_tag":[],"brands":[{"id":92,"name":"Equipamiento","slug":"equipamiento"},{"id":57,"name":"Funkier","slug":"funkier"}],"_links":{"self":[{"href":"https:\/\/www.topbikes.ca\/nicaragua\/wp-json\/wp\/v2\/product\/4295"}],"collection":[{"href":"https:\/\/www.topbikes.ca\/nicaragua\/wp-json\/wp\/v2\/product"}],"about":[{"href":"https:\/\/www.topbikes.ca\/nicaragua\/wp-json\/wp\/v2\/types\/product"}],"wp:featuredmedia":[{"embeddable":true,"href":"https:\/\/www.topbikes.ca\/nicaragua\/wp-json\/wp\/v2\/media\/4309"}],"wp:attachment":[{"href":"https:\/\/www.topbikes.ca\/nicaragua\/wp-json\/wp\/v2\/media?parent=4295"}],"wp:term":[{"taxonomy":"pwb-brand","embeddable":true,"href":"https:\/\/www.topbikes.ca\/nicaragua\/wp-json\/wp\/v2\/pwb-brand?post=4295"},{"taxonomy":"product_cat","embeddable":true,"href":"https:\/\/www.topbikes.ca\/nicaragua\/wp-json\/wp\/v2\/product_cat?post=4295"},{"taxonomy":"product_tag","embeddable":true,"href":"https:\/\/www.topbikes.ca\/nicaragua\/wp-json\/wp\/v2\/product_tag?post=4295"}],"curies":[{"name":"wp","href":"https:\/\/api.w.org\/{rel}","templated":true}]}}