{"id":4304,"date":"2023-11-16T14:40:14","date_gmt":"2023-11-16T20:40:14","guid":{"rendered":"https:\/\/www.topbikes.ca\/nicaragua\/?post_type=product&#038;p=4304"},"modified":"2023-11-16T14:41:06","modified_gmt":"2023-11-16T20:41:06","slug":"short-bondeno-para-dama","status":"publish","type":"product","link":"https:\/\/www.topbikes.ca\/nicaragua\/producto\/short-bondeno-para-dama\/","title":{"rendered":"SHORT BONDENO PARA DAMA"},"content":{"rendered":"<h6 id=\"tw-target-text\" class=\"tw-data-text tw-text-large tw-ta\" style=\"text-align: center\" data-placeholder=\"Traducci\u00f3n\"><span class=\"Y2IQFc\" lang=\"es\">El Bondeno es un pantal\u00f3n de mujer dise\u00f1ado para aquellas que les gusta andar a alta velocidad. El tejido ligero y aerodin\u00e1mico se siente como una segunda piel y la almohadilla interior es suave y de apoyo para alcanzar la m\u00e1xima velocidad posible. El dise\u00f1o innovador en la parte inferior de los pantalones es para aquellos que tambi\u00e9n quieren combinar con una camisa y sentir los colores brillantes de FUNKIER este verano. Tambi\u00e9n se puede colocar en el maillot Farnia.<\/span><\/h6>\n","protected":false},"excerpt":{"rendered":"<p>El Bondeno es un pantal\u00f3n de mujer dise\u00f1ado para aquellas que les gusta andar a alta velocidad. El tejido ligero y aerodin\u00e1mico se siente como una segunda piel y la almohadilla interior es suave y de apoyo para alcanzar la m\u00e1xima velocidad posible. El dise\u00f1o innovador en la parte inferior de los pantalones es para [&hellip;]<\/p>\n","protected":false},"featured_media":4314,"template":"","meta":[],"pwb-brand":[92,57],"product_cat":[91,217],"product_tag":[],"brands":[{"id":92,"name":"Equipamiento","slug":"equipamiento"},{"id":57,"name":"Funkier","slug":"funkier"}],"_links":{"self":[{"href":"https:\/\/www.topbikes.ca\/nicaragua\/wp-json\/wp\/v2\/product\/4304"}],"collection":[{"href":"https:\/\/www.topbikes.ca\/nicaragua\/wp-json\/wp\/v2\/product"}],"about":[{"href":"https:\/\/www.topbikes.ca\/nicaragua\/wp-json\/wp\/v2\/types\/product"}],"wp:featuredmedia":[{"embeddable":true,"href":"https:\/\/www.topbikes.ca\/nicaragua\/wp-json\/wp\/v2\/media\/4314"}],"wp:attachment":[{"href":"https:\/\/www.topbikes.ca\/nicaragua\/wp-json\/wp\/v2\/media?parent=4304"}],"wp:term":[{"taxonomy":"pwb-brand","embeddable":true,"href":"https:\/\/www.topbikes.ca\/nicaragua\/wp-json\/wp\/v2\/pwb-brand?post=4304"},{"taxonomy":"product_cat","embeddable":true,"href":"https:\/\/www.topbikes.ca\/nicaragua\/wp-json\/wp\/v2\/product_cat?post=4304"},{"taxonomy":"product_tag","embeddable":true,"href":"https:\/\/www.topbikes.ca\/nicaragua\/wp-json\/wp\/v2\/product_tag?post=4304"}],"curies":[{"name":"wp","href":"https:\/\/api.w.org\/{rel}","templated":true}]}}