{"id":4335,"date":"2023-11-16T14:40:41","date_gmt":"2023-11-16T20:40:41","guid":{"rendered":"https:\/\/www.topbikes.ca\/nicaragua\/?post_type=product&#038;p=4335"},"modified":"2023-11-16T14:41:42","modified_gmt":"2023-11-16T20:41:42","slug":"triciclo-disney-ninos","status":"publish","type":"product","link":"https:\/\/www.topbikes.ca\/nicaragua\/producto\/triciclo-disney-ninos\/","title":{"rendered":"TRICICLO DISNEY  NI\u00d1OS"},"content":{"rendered":"<p>Triciclos para los mas peque\u00f1os de casa para que puedan iniciar su aprendizaje en el pedaleo y ayud\u00e1ndolos con un jalador especial<\/p>\n","protected":false},"excerpt":{"rendered":"<p>Triciclos para los mas peque\u00f1os de casa para que puedan iniciar su aprendizaje en el pedaleo y ayud\u00e1ndolos con un jalador especial<\/p>\n","protected":false},"featured_media":4351,"template":"","meta":[],"pwb-brand":[73,195],"product_cat":[34,202],"product_tag":[],"brands":[{"id":73,"name":"Bicicletas","slug":"bicicletas"},{"id":195,"name":"DISNEY","slug":"disney"}],"_links":{"self":[{"href":"https:\/\/www.topbikes.ca\/nicaragua\/wp-json\/wp\/v2\/product\/4335"}],"collection":[{"href":"https:\/\/www.topbikes.ca\/nicaragua\/wp-json\/wp\/v2\/product"}],"about":[{"href":"https:\/\/www.topbikes.ca\/nicaragua\/wp-json\/wp\/v2\/types\/product"}],"wp:featuredmedia":[{"embeddable":true,"href":"https:\/\/www.topbikes.ca\/nicaragua\/wp-json\/wp\/v2\/media\/4351"}],"wp:attachment":[{"href":"https:\/\/www.topbikes.ca\/nicaragua\/wp-json\/wp\/v2\/media?parent=4335"}],"wp:term":[{"taxonomy":"pwb-brand","embeddable":true,"href":"https:\/\/www.topbikes.ca\/nicaragua\/wp-json\/wp\/v2\/pwb-brand?post=4335"},{"taxonomy":"product_cat","embeddable":true,"href":"https:\/\/www.topbikes.ca\/nicaragua\/wp-json\/wp\/v2\/product_cat?post=4335"},{"taxonomy":"product_tag","embeddable":true,"href":"https:\/\/www.topbikes.ca\/nicaragua\/wp-json\/wp\/v2\/product_tag?post=4335"}],"curies":[{"name":"wp","href":"https:\/\/api.w.org\/{rel}","templated":true}]}}