{"id":4360,"date":"2023-11-16T14:41:08","date_gmt":"2023-11-16T20:41:08","guid":{"rendered":"https:\/\/www.topbikes.ca\/nicaragua\/?post_type=product&#038;p=4360"},"modified":"2023-11-30T00:00:52","modified_gmt":"2023-11-30T06:00:52","slug":"optimus-aquila-29","status":"publish","type":"product","link":"https:\/\/www.topbikes.ca\/nicaragua\/producto\/optimus-aquila-29\/","title":{"rendered":"OPTIMUS AQUILA 29&#8243;"},"content":{"rendered":"<p style=\"text-align: center\">Aquila, la bicicleta que ha llegado como un \u00e1guila a coronarse dentro de las bicicletas de MTB como una de las m\u00e1s majestuosas, poderosas y veloces. Su\u00a0cuadro de aluminio la hace m\u00e1s liviana y capaz de conquistar distintos terrenos sin problemas. Con 8 velocidades y un biplato, esta bicicleta de monta\u00f1a te\u00a0llevar\u00e1 a cualquier zona que desees sin titubear, adem\u00e1s, cuenta con un tenedor de bloqueo mec\u00e1nico que hace m\u00e1s ligero el peso de la bicicleta y te prepara\u00a0para las subidas m\u00e1s dif\u00edciles de la monta\u00f1a.<\/p>\n<p>Aquila est\u00e1 hecha para ser una bicicleta amigable para todos, acompa\u00f1ada de Shimano Altus y Tourney la hace la bicicleta ideal para el ciclismo urbano, con 8 velocidades que te llevar\u00e1n a vivir nuevas aventuras, sobretodo si est\u00e1s iniciando en el mundo del MTB.<\/p>\n","protected":false},"excerpt":{"rendered":"<p>Aquila, la bicicleta que ha llegado como un \u00e1guila a coronarse dentro de las bicicletas de MTB como una de las m\u00e1s majestuosas, poderosas y veloces. Su\u00a0cuadro de aluminio la hace m\u00e1s liviana y capaz de conquistar distintos terrenos sin problemas. Con 8 velocidades y un biplato, esta bicicleta de monta\u00f1a te\u00a0llevar\u00e1 a cualquier zona [&hellip;]<\/p>\n","protected":false},"featured_media":4379,"template":"","meta":[],"pwb-brand":[73,187],"product_cat":[34,218],"product_tag":[],"brands":[{"id":73,"name":"Bicicletas","slug":"bicicletas"},{"id":187,"name":"OPTIMUS","slug":"optimus"}],"_links":{"self":[{"href":"https:\/\/www.topbikes.ca\/nicaragua\/wp-json\/wp\/v2\/product\/4360"}],"collection":[{"href":"https:\/\/www.topbikes.ca\/nicaragua\/wp-json\/wp\/v2\/product"}],"about":[{"href":"https:\/\/www.topbikes.ca\/nicaragua\/wp-json\/wp\/v2\/types\/product"}],"wp:featuredmedia":[{"embeddable":true,"href":"https:\/\/www.topbikes.ca\/nicaragua\/wp-json\/wp\/v2\/media\/4379"}],"wp:attachment":[{"href":"https:\/\/www.topbikes.ca\/nicaragua\/wp-json\/wp\/v2\/media?parent=4360"}],"wp:term":[{"taxonomy":"pwb-brand","embeddable":true,"href":"https:\/\/www.topbikes.ca\/nicaragua\/wp-json\/wp\/v2\/pwb-brand?post=4360"},{"taxonomy":"product_cat","embeddable":true,"href":"https:\/\/www.topbikes.ca\/nicaragua\/wp-json\/wp\/v2\/product_cat?post=4360"},{"taxonomy":"product_tag","embeddable":true,"href":"https:\/\/www.topbikes.ca\/nicaragua\/wp-json\/wp\/v2\/product_tag?post=4360"}],"curies":[{"name":"wp","href":"https:\/\/api.w.org\/{rel}","templated":true}]}}