{"id":4363,"date":"2023-11-16T14:41:09","date_gmt":"2023-11-16T20:41:09","guid":{"rendered":"https:\/\/www.topbikes.ca\/nicaragua\/?post_type=product&#038;p=4363"},"modified":"2023-11-16T14:41:20","modified_gmt":"2023-11-16T20:41:20","slug":"pedales-ruta-shimano-pd-rs500","status":"publish","type":"product","link":"https:\/\/www.topbikes.ca\/nicaragua\/producto\/pedales-ruta-shimano-pd-rs500\/","title":{"rendered":"PEDALES RUTA SHIMANO PD-RS500"},"content":{"rendered":"<h2 class=\"cmp-product-info__title\">CARACTER\u00cdSTICAS<\/h2>\n<div class=\"cmp-itemlist-accordion\">\n<div class=\"cmp-itemlist-accordion__always-visible-section\">\n<ul>\n<li class=\"type-feature\">Facilidad para colocar y sacar el pie<\/li>\n<li class=\"type-feature\">Tensi\u00f3n del muelle m\u00e1s ligera, optimizada para principiantes<\/li>\n<li class=\"type-feature\">Anclaje m\u00e1s sencillo<\/li>\n<li class=\"type-feature\">Caracter\u00edsticas derivadas de sistemas de nivel superior<\/li>\n<li class=\"type-feature\">Plataforma de gran anchura que transfiere eficazmente la potencia del pedaleo<\/li>\n<li class=\"type-feature\">Placa del cuerpo de acero inoxidable duradero que reduce la flexi\u00f3n y el desgaste del cuerpo del pedal<\/li>\n<\/ul>\n<\/div>\n<\/div>\n","protected":false},"excerpt":{"rendered":"<p>CARACTER\u00cdSTICAS Facilidad para colocar y sacar el pie Tensi\u00f3n del muelle m\u00e1s ligera, optimizada para principiantes Anclaje m\u00e1s sencillo Caracter\u00edsticas derivadas de sistemas de nivel superior Plataforma de gran anchura que transfiere eficazmente la potencia del pedaleo Placa del cuerpo de acero inoxidable duradero que reduce la flexi\u00f3n y el desgaste del cuerpo del pedal<\/p>\n","protected":false},"featured_media":4382,"template":"","meta":[],"pwb-brand":[83,197],"product_cat":[35,230],"product_tag":[],"brands":[{"id":83,"name":"Accesorios","slug":"accesorios"},{"id":197,"name":"Shimano Original Parts","slug":"shimano-original-parts"}],"_links":{"self":[{"href":"https:\/\/www.topbikes.ca\/nicaragua\/wp-json\/wp\/v2\/product\/4363"}],"collection":[{"href":"https:\/\/www.topbikes.ca\/nicaragua\/wp-json\/wp\/v2\/product"}],"about":[{"href":"https:\/\/www.topbikes.ca\/nicaragua\/wp-json\/wp\/v2\/types\/product"}],"wp:featuredmedia":[{"embeddable":true,"href":"https:\/\/www.topbikes.ca\/nicaragua\/wp-json\/wp\/v2\/media\/4382"}],"wp:attachment":[{"href":"https:\/\/www.topbikes.ca\/nicaragua\/wp-json\/wp\/v2\/media?parent=4363"}],"wp:term":[{"taxonomy":"pwb-brand","embeddable":true,"href":"https:\/\/www.topbikes.ca\/nicaragua\/wp-json\/wp\/v2\/pwb-brand?post=4363"},{"taxonomy":"product_cat","embeddable":true,"href":"https:\/\/www.topbikes.ca\/nicaragua\/wp-json\/wp\/v2\/product_cat?post=4363"},{"taxonomy":"product_tag","embeddable":true,"href":"https:\/\/www.topbikes.ca\/nicaragua\/wp-json\/wp\/v2\/product_tag?post=4363"}],"curies":[{"name":"wp","href":"https:\/\/api.w.org\/{rel}","templated":true}]}}