{"id":4364,"date":"2023-11-16T14:41:09","date_gmt":"2023-11-16T20:41:09","guid":{"rendered":"https:\/\/www.topbikes.ca\/nicaragua\/?post_type=product&#038;p=4364"},"modified":"2023-11-16T14:41:21","modified_gmt":"2023-11-16T20:41:21","slug":"pedal-time-atac-xc-2","status":"publish","type":"product","link":"https:\/\/www.topbikes.ca\/nicaragua\/producto\/pedal-time-atac-xc-2\/","title":{"rendered":"PEDAL TIME ATAC XC 2"},"content":{"rendered":"<div class=\"row productPageDetailsBlock_both\">\n<div class=\"productPageDetails_block productPageDetails_dpf columns large-6 productPageDetailsBlock_border\">\n<div class=\"productPageDetailsBlock_content\">Los\u00a0<strong>pedales autom\u00e1ticos TIME ATAC XC2<\/strong>\u00a0son perfectos para\u00a0XC.<br \/>\nSon un modelo minimalista con una relaci\u00f3n calidad \/ peso\u00a0 muy interesante. El sistema de Auto Tensi\u00f3n Adjustment Concept (Ajuste autom\u00e1tico de la tensi\u00f3n del<strong>\u00a0pedal &#8211; A.T.A.C<\/strong>.) preciso, f\u00e1cil de usar y recomendados especialmente para la f\u00e1cil expulsi\u00f3n del barro.\n<\/div>\n<\/div>\n<div class=\"productPageDetails_block productPageDetails_dpf columns large-6\">\n<div class=\"productPageDetailsBlock_title\"><strong>Puntos fuertes del PEDAL TIME ATAC XC 2\u00a0<\/strong><\/div>\n<div class=\"productPageDetailsBlock_title\"><\/div>\n<div class=\"productPageDetailsBlock_content\">\u00a0 \u00a0&#8211;\u00a0 La relaci\u00f3n precio\/calidad\/prestaciones<br \/>\n&#8211;\u00a0 F\u00e1ciles de enganchar.<br \/>\n&#8211;\u00a0 Eliminan bien el barro.\n<\/div>\n<\/div>\n<\/div>\n<div class=\"productPageDetails_block\">\n<div class=\"productPageDetailsBlock_title\"><strong>CARACTERISTICAS<\/strong><\/div>\n<div class=\"productPageDetailsBlock_content\">\n<p><strong>\u00a0 \u00a0Calas incluidas<\/strong>\u00a0: S\u00ed<\/p>\n<p><strong>\u00a0 \u00a0Color<\/strong>\u00a0: Gris<\/p>\n<p><strong>\u00a0 \u00a0Material de la plataforma<\/strong>\u00a0: Comp\u00f3site<\/p>\n<p><strong>\u00a0 \u00a0Material del eje<\/strong>\u00a0: Acero<\/p>\n<p><strong>\u00a0 Tensi\u00f3n del muelle: No ajustable<\/strong><\/p>\n<p><strong>\u00a0 Tipo de pedales<\/strong>\u00a0: Autom\u00e1tico para bicicleta de Monta\u00f1a<\/p>\n<p>&nbsp;<\/p>\n<\/div>\n<\/div>\n<div class=\"productPageDetails_block\">\n<div class=\"productPageDetailsBlock_title\"><strong>FITCHA\u00a0 TECNICA PEDAL TIME ATAC XC2<\/strong><\/div>\n<div class=\"productPageDetailsBlock_title\"><\/div>\n<div class=\"productPageDetailsBlock_content\">\u00a0 &#8211;\u00a0Eje de acero.<br \/>\n&#8211;\u00a0Cuerpo de composite.<br \/>\n&#8211;\u00a0Arcos recortados.<br \/>\n&#8211;\u00a0Tecnolog\u00eda ATAC, funcionamiento fluido.<br \/>\n&#8211;\u00a0Libertad angular: 5\u00ba \/ lateral: 6 mm.<br \/>\n&#8211;\u00a0Incluye un par de calas Time Easy.<br \/>\n&#8211;\u00a0Peso (fabricante): 302 g el par.<\/div>\n<div class=\"productPageDetailsBlock_content\"><\/div>\n<\/div>\n","protected":false},"excerpt":{"rendered":"<p>Los\u00a0pedales autom\u00e1ticos TIME ATAC XC2\u00a0son perfectos para\u00a0XC. Son un modelo minimalista con una relaci\u00f3n calidad \/ peso\u00a0 muy interesante. El sistema de Auto Tensi\u00f3n Adjustment Concept (Ajuste autom\u00e1tico de la tensi\u00f3n del\u00a0pedal &#8211; A.T.A.C.) preciso, f\u00e1cil de usar y recomendados especialmente para la f\u00e1cil expulsi\u00f3n del barro. Puntos fuertes del PEDAL TIME ATAC XC 2\u00a0 [&hellip;]<\/p>\n","protected":false},"featured_media":4384,"template":"","meta":[],"pwb-brand":[83,198],"product_cat":[35,230],"product_tag":[],"brands":[{"id":83,"name":"Accesorios","slug":"accesorios"},{"id":198,"name":"TIME","slug":"time"}],"_links":{"self":[{"href":"https:\/\/www.topbikes.ca\/nicaragua\/wp-json\/wp\/v2\/product\/4364"}],"collection":[{"href":"https:\/\/www.topbikes.ca\/nicaragua\/wp-json\/wp\/v2\/product"}],"about":[{"href":"https:\/\/www.topbikes.ca\/nicaragua\/wp-json\/wp\/v2\/types\/product"}],"wp:featuredmedia":[{"embeddable":true,"href":"https:\/\/www.topbikes.ca\/nicaragua\/wp-json\/wp\/v2\/media\/4384"}],"wp:attachment":[{"href":"https:\/\/www.topbikes.ca\/nicaragua\/wp-json\/wp\/v2\/media?parent=4364"}],"wp:term":[{"taxonomy":"pwb-brand","embeddable":true,"href":"https:\/\/www.topbikes.ca\/nicaragua\/wp-json\/wp\/v2\/pwb-brand?post=4364"},{"taxonomy":"product_cat","embeddable":true,"href":"https:\/\/www.topbikes.ca\/nicaragua\/wp-json\/wp\/v2\/product_cat?post=4364"},{"taxonomy":"product_tag","embeddable":true,"href":"https:\/\/www.topbikes.ca\/nicaragua\/wp-json\/wp\/v2\/product_tag?post=4364"}],"curies":[{"name":"wp","href":"https:\/\/api.w.org\/{rel}","templated":true}]}}