{"id":4366,"date":"2023-11-16T14:41:10","date_gmt":"2023-11-16T20:41:10","guid":{"rendered":"https:\/\/www.topbikes.ca\/nicaragua\/?post_type=product&#038;p=4366"},"modified":"2023-11-30T00:00:52","modified_gmt":"2023-11-30T06:00:52","slug":"droute-neptune-1x11-mono-plato-sram-microshift","status":"publish","type":"product","link":"https:\/\/www.topbikes.ca\/nicaragua\/producto\/droute-neptune-1x11-mono-plato-sram-microshift\/","title":{"rendered":"D\u00b4ROUTE NEPTUNE 1&#215;11 &#8211; Mono Plato SRAM-microSHIFT"},"content":{"rendered":"<p>La D\u00b4ROUTE Neptune 29&#8243; 1&#215;11 es la mtb que estabas esperando para pasarte a Monoplato.<\/p>\n<p>Con el dise\u00f1o de marco fiel a la robustez y resistencia que la marca D\u00b4ROUTE siempre ha ofrecido, incluyendo en este marco un aluminio de alta resistencia y ultra liviano, con geometr\u00eda XC y dise\u00f1o con cableado interno.<\/p>\n<p>Esta estupenda marca de bicicletas cumple con la promesa de darte siempre los mejores componentes y en esta ocasi\u00f3n te entrega una transmisi\u00f3n Monoplato combinada con dos de las mejores marcas del mundo.<\/p>\n<p>La Neptune Monoplato viene ensamblada con una biela y Bottom Braket SRAM SX que te ofrece la rigidez y fluidez que necesitas para que tu rendimiento sobre la bicicleta sea \u00f3ptimo. El drive train (Cambio Trasero, Shifter y Cassette) es el nuevo microSHIFT XCD que tiene las mejores caracter\u00edsticas, rendimiento y ajuste ergon\u00f3mico que todo ciclista necesita para tener la mejor experiencia en la monta\u00f1a ya sea yendo de paseo o en una competici\u00f3n XC.<\/p>\n<p>La suspensi\u00f3n delantera coil\u00a0 SR-SUNTOUR XCM30 es responsiva y act\u00faa con una buena lectura del terreno de modo que contribuya al control y confort durante tus recorridos.<\/p>\n","protected":false},"excerpt":{"rendered":"<p>La D\u00b4ROUTE Neptune 29&#8243; 1&#215;11 es la mtb que estabas esperando para pasarte a Monoplato. Con el dise\u00f1o de marco fiel a la robustez y resistencia que la marca D\u00b4ROUTE siempre ha ofrecido, incluyendo en este marco un aluminio de alta resistencia y ultra liviano, con geometr\u00eda XC y dise\u00f1o con cableado interno. Esta estupenda [&hellip;]<\/p>\n","protected":false},"featured_media":4386,"template":"","meta":[],"pwb-brand":[73,124],"product_cat":[164],"product_tag":[],"brands":[{"id":73,"name":"Bicicletas","slug":"bicicletas"},{"id":124,"name":"D' ROUTE","slug":"d-route"}],"_links":{"self":[{"href":"https:\/\/www.topbikes.ca\/nicaragua\/wp-json\/wp\/v2\/product\/4366"}],"collection":[{"href":"https:\/\/www.topbikes.ca\/nicaragua\/wp-json\/wp\/v2\/product"}],"about":[{"href":"https:\/\/www.topbikes.ca\/nicaragua\/wp-json\/wp\/v2\/types\/product"}],"wp:featuredmedia":[{"embeddable":true,"href":"https:\/\/www.topbikes.ca\/nicaragua\/wp-json\/wp\/v2\/media\/4386"}],"wp:attachment":[{"href":"https:\/\/www.topbikes.ca\/nicaragua\/wp-json\/wp\/v2\/media?parent=4366"}],"wp:term":[{"taxonomy":"pwb-brand","embeddable":true,"href":"https:\/\/www.topbikes.ca\/nicaragua\/wp-json\/wp\/v2\/pwb-brand?post=4366"},{"taxonomy":"product_cat","embeddable":true,"href":"https:\/\/www.topbikes.ca\/nicaragua\/wp-json\/wp\/v2\/product_cat?post=4366"},{"taxonomy":"product_tag","embeddable":true,"href":"https:\/\/www.topbikes.ca\/nicaragua\/wp-json\/wp\/v2\/product_tag?post=4366"}],"curies":[{"name":"wp","href":"https:\/\/api.w.org\/{rel}","templated":true}]}}